{"id":1185,"date":"2023-02-20T08:23:14","date_gmt":"2023-02-20T07:23:14","guid":{"rendered":"http:\/\/subaquatiquedunois.fr\/sd\/?page_id=1185"},"modified":"2024-06-09T13:57:11","modified_gmt":"2024-06-09T11:57:11","slug":"nos-partenaires","status":"publish","type":"page","link":"http:\/\/subaquatiquedunois.fr\/sd\/accueil\/lassociation\/nos-partenaires\/","title":{"rendered":"Nos Partenaires"},"content":{"rendered":"\n<p class=\"has-text-align-center has-ast-global-color-0-color has-text-color has-x-large-font-size\">Voici une premi\u00e8re liste de nos partenaires <br>qui contribuent \u00e0 la vie de notre association et qui<br> nous aident \u00e0 am\u00e9liorer et promouvoir nos activit\u00e9s.<\/p>\n\n\n\n<p class=\"has-text-align-center has-ast-global-color-1-color has-text-color\" style=\"font-size:80px\"><strong>MERCI \u00e0 tous!<\/strong><\/p>\n\n\n\n<div class=\"wp-block-uagb-image aligncenter uagb-block-4fc14080 wp-block-uagb-image--layout-overlay wp-block-uagb-image--effect-static wp-block-uagb-image--align-center\"><figure class=\"wp-block-uagb-image__figure\"><a class=\"\" href=\"https:\/\/eurelien.fr\/\" target=\"_blank\" rel=\"noreferrer noopener\"><img decoding=\"async\" srcset=\"http:\/\/subaquatiquedunois.fr\/sd\/wp-content\/uploads\/2023\/08\/ConseilDepartemental.png \" sizes=\"auto, (max-width: 480px) 150px\" src=\"http:\/\/subaquatiquedunois.fr\/sd\/wp-content\/uploads\/2023\/08\/ConseilDepartemental.png\" alt=\"\" class=\"uag-image-1746\" width=\"500\" height=\"200\" title=\"\" loading=\"lazy\"\/><\/a><div class=\"wp-block-uagb-image--layout-overlay__color-wrapper\"><\/div><div class=\"wp-block-uagb-image--layout-overlay__inner center-center\"><a class=\"wp-block-uagb-image--layout-overlay-link \" href=\"https:\/\/eurelien.fr\/\" target=\"_blank\" rel=\"noreferrer noopener\"><\/a><\/div><\/figure><\/div>\n\n\n\n<p><\/p>\n\n\n\n<div class=\"wp-block-uagb-image aligncenter uagb-block-cb215889 wp-block-uagb-image--layout-overlay wp-block-uagb-image--effect-zoomin wp-block-uagb-image--align-center\"><figure class=\"wp-block-uagb-image__figure\"><a class=\"\" href=\"https:\/\/groupe-bigot.fr\/nos-concessions-automobiles\/citroen\/citroen-chateaudun\" target=\"_blank\" rel=\"noreferrer noopener\"><img decoding=\"async\" srcset=\"http:\/\/subaquatiquedunois.fr\/sd\/wp-content\/uploads\/2023\/08\/CitroenBigotAutomobilesChateaudun.jpg \" sizes=\"auto, (max-width: 480px) 150px\" src=\"http:\/\/subaquatiquedunois.fr\/sd\/wp-content\/uploads\/2023\/08\/CitroenBigotAutomobilesChateaudun.jpg\" alt=\"\" class=\"uag-image-1749\" width=\"500\" height=\"200\" title=\"\" loading=\"lazy\"\/><\/a><div class=\"wp-block-uagb-image--layout-overlay__color-wrapper\"><\/div><div class=\"wp-block-uagb-image--layout-overlay__inner center-center\"><a class=\"wp-block-uagb-image--layout-overlay-link \" href=\"https:\/\/groupe-bigot.fr\/nos-concessions-automobiles\/citroen\/citroen-chateaudun\" target=\"_blank\" rel=\"noreferrer noopener\"><\/a><\/div><\/figure><\/div>\n\n\n\n<p><\/p>\n\n\n\n<div class=\"wp-block-uagb-image aligncenter uagb-block-e0b57c79 wp-block-uagb-image--layout-overlay wp-block-uagb-image--effect-zoomin wp-block-uagb-image--align-center\"><figure class=\"wp-block-uagb-image__figure\"><a class=\"\" href=\"https:\/\/www.bricomarche.com\/\" target=\"_blank\" rel=\"noreferrer noopener\"><img decoding=\"async\" srcset=\"http:\/\/subaquatiquedunois.fr\/sd\/wp-content\/uploads\/2023\/08\/Bricomarche.jpg \" sizes=\"auto, (max-width: 480px) 150px\" src=\"http:\/\/subaquatiquedunois.fr\/sd\/wp-content\/uploads\/2023\/08\/Bricomarche.jpg\" alt=\"\" class=\"uag-image-1748\" width=\"500\" height=\"200\" title=\"\" loading=\"lazy\"\/><\/a><div class=\"wp-block-uagb-image--layout-overlay__color-wrapper\"><\/div><div class=\"wp-block-uagb-image--layout-overlay__inner center-center\"><a class=\"wp-block-uagb-image--layout-overlay-link \" href=\"https:\/\/www.bricomarche.com\/\" target=\"_blank\" rel=\"noreferrer noopener\"><\/a><\/div><\/figure><\/div>\n\n\n\n<p><\/p>\n\n\n\n<div class=\"wp-block-uagb-image aligncenter uagb-block-8ec6a175 wp-block-uagb-image--layout-overlay wp-block-uagb-image--effect-zoomin wp-block-uagb-image--align-center\"><figure class=\"wp-block-uagb-image__figure\"><a class=\"\" href=\"https:\/\/www.cochonnailles-du-haut-bois.fr\/\" target=\"_blank\" rel=\"noreferrer noopener\"><img decoding=\"async\" srcset=\"http:\/\/subaquatiquedunois.fr\/sd\/wp-content\/uploads\/2023\/08\/CochonailleDesHautBois.jpg \" sizes=\"auto, (max-width: 480px) 150px\" src=\"http:\/\/subaquatiquedunois.fr\/sd\/wp-content\/uploads\/2023\/08\/CochonailleDesHautBois.jpg\" alt=\"\" class=\"uag-image-1750\" width=\"500\" height=\"200\" title=\"\" loading=\"lazy\"\/><\/a><div class=\"wp-block-uagb-image--layout-overlay__color-wrapper\"><\/div><div class=\"wp-block-uagb-image--layout-overlay__inner center-center\"><a class=\"wp-block-uagb-image--layout-overlay-link \" href=\"https:\/\/www.cochonnailles-du-haut-bois.fr\/\" target=\"_blank\" rel=\"noreferrer noopener\"><\/a><figcaption class=\"uagb-image-caption\">Mondoubleau<\/figcaption><\/div><\/figure><\/div>\n\n\n\n<p><\/p>\n\n\n\n<div class=\"wp-block-uagb-image aligncenter uagb-block-7b51271d wp-block-uagb-image--layout-overlay wp-block-uagb-image--effect-zoomin wp-block-uagb-image--align-center\"><figure class=\"wp-block-uagb-image__figure\"><a class=\"\" href=\"https:\/\/www.creditmutuel.fr\/\" target=\"_blank\" rel=\"noreferrer noopener\"><img decoding=\"async\" srcset=\"http:\/\/subaquatiquedunois.fr\/sd\/wp-content\/uploads\/2023\/08\/CreditMutuel-scaled.jpg \" sizes=\"auto, (max-width: 480px) 150px\" src=\"http:\/\/subaquatiquedunois.fr\/sd\/wp-content\/uploads\/2023\/08\/CreditMutuel-scaled.jpg\" alt=\"\" class=\"uag-image-1751\" width=\"500\" height=\"200\" title=\"\" loading=\"lazy\"\/><\/a><div class=\"wp-block-uagb-image--layout-overlay__color-wrapper\"><\/div><div class=\"wp-block-uagb-image--layout-overlay__inner center-center\"><a class=\"wp-block-uagb-image--layout-overlay-link \" href=\"https:\/\/www.creditmutuel.fr\/\" target=\"_blank\" rel=\"noreferrer noopener\"><\/a><\/div><\/figure><\/div>\n\n\n\n<p><\/p>\n\n\n\n<div class=\"wp-block-uagb-image aligncenter uagb-block-57a5a8f3 wp-block-uagb-image--layout-overlay wp-block-uagb-image--effect-zoomin wp-block-uagb-image--align-center\"><figure class=\"wp-block-uagb-image__figure\"><a class=\"\" href=\"http:\/\/www.prestopizzabonneval.fr\/\" target=\"_blank\" rel=\"noreferrer noopener\"><img decoding=\"async\" srcset=\"http:\/\/subaquatiquedunois.fr\/sd\/wp-content\/uploads\/2023\/08\/PizzaPresto.jpeg \" sizes=\"auto, (max-width: 480px) 150px\" src=\"http:\/\/subaquatiquedunois.fr\/sd\/wp-content\/uploads\/2023\/08\/PizzaPresto.jpeg\" alt=\"\" class=\"uag-image-1755\" width=\"500\" height=\"200\" title=\"\" loading=\"lazy\"\/><\/a><div class=\"wp-block-uagb-image--layout-overlay__color-wrapper\"><\/div><div class=\"wp-block-uagb-image--layout-overlay__inner center-center\"><a class=\"wp-block-uagb-image--layout-overlay-link \" href=\"http:\/\/www.prestopizzabonneval.fr\/\" target=\"_blank\" rel=\"noreferrer noopener\"><\/a><figcaption class=\"uagb-image-caption\">Bonneval<\/figcaption><\/div><\/figure><\/div>\n\n\n\n<p><\/p>\n\n\n\n<div class=\"wp-block-uagb-image aligncenter uagb-block-d7b0d027 wp-block-uagb-image--layout-overlay wp-block-uagb-image--effect-zoomin wp-block-uagb-image--align-center\"><figure class=\"wp-block-uagb-image__figure\"><a class=\"\" href=\"https:\/\/www.facebook.com\/p\/Le-Calumet-Tabac-Presse-100075798162292\/\" target=\"_blank\" rel=\"noreferrer noopener\"><img decoding=\"async\" srcset=\"http:\/\/subaquatiquedunois.fr\/sd\/wp-content\/uploads\/2023\/08\/LeCalumetMondoubleau.jpg \" sizes=\"auto, (max-width: 480px) 150px\" src=\"http:\/\/subaquatiquedunois.fr\/sd\/wp-content\/uploads\/2023\/08\/LeCalumetMondoubleau.jpg\" alt=\"\" class=\"uag-image-1752\" width=\"500\" height=\"200\" title=\"\" loading=\"lazy\"\/><\/a><div class=\"wp-block-uagb-image--layout-overlay__color-wrapper\"><\/div><div class=\"wp-block-uagb-image--layout-overlay__inner center-center\"><a class=\"wp-block-uagb-image--layout-overlay-link \" href=\"https:\/\/www.facebook.com\/p\/Le-Calumet-Tabac-Presse-100075798162292\/\" target=\"_blank\" rel=\"noreferrer noopener\"><\/a><figcaption class=\"uagb-image-caption\">Mondoubleau<\/figcaption><\/div><\/figure><\/div>\n\n\n\n<p><\/p>\n\n\n\n<div class=\"wp-block-uagb-image aligncenter uagb-block-74e74b64 wp-block-uagb-image--layout-overlay wp-block-uagb-image--effect-zoomin wp-block-uagb-image--align-center\"><figure class=\"wp-block-uagb-image__figure\"><a class=\"\" href=\"https:\/\/www.facebook.com\/lesfleursdelafontaineartisanfleuristechateaudun\/?locale=fr_FR\" target=\"_blank\" rel=\"noreferrer noopener\"><img decoding=\"async\" srcset=\"http:\/\/subaquatiquedunois.fr\/sd\/wp-content\/uploads\/2023\/08\/LesFleursDeLaFontaine-e1692440125819.jpg \" sizes=\"auto, (max-width: 480px) 150px\" src=\"http:\/\/subaquatiquedunois.fr\/sd\/wp-content\/uploads\/2023\/08\/LesFleursDeLaFontaine-e1692440125819.jpg\" alt=\"\" class=\"uag-image-1802\" width=\"500\" height=\"200\" title=\"\" loading=\"lazy\"\/><\/a><div class=\"wp-block-uagb-image--layout-overlay__color-wrapper\"><\/div><div class=\"wp-block-uagb-image--layout-overlay__inner center-center\"><a class=\"wp-block-uagb-image--layout-overlay-link \" href=\"https:\/\/www.facebook.com\/lesfleursdelafontaineartisanfleuristechateaudun\/?locale=fr_FR\" target=\"_blank\" rel=\"noreferrer noopener\"><\/a><\/div><\/figure><\/div>\n\n\n\n<p><\/p>\n\n\n\n<div class=\"wp-block-uagb-image aligncenter uagb-block-9091a53b wp-block-uagb-image--layout-overlay wp-block-uagb-image--effect-zoomin wp-block-uagb-image--align-center\"><figure class=\"wp-block-uagb-image__figure\"><a class=\"\" href=\"https:\/\/www.swisslife.fr\/home.html\" target=\"_blank\" rel=\"noreferrer noopener\"><img decoding=\"async\" srcset=\"http:\/\/subaquatiquedunois.fr\/sd\/wp-content\/uploads\/2024\/06\/Logo-SWISSLIFE.jpeg \" sizes=\"auto, (max-width: 480px) 150px\" src=\"http:\/\/subaquatiquedunois.fr\/sd\/wp-content\/uploads\/2024\/06\/Logo-SWISSLIFE.jpeg\" alt=\"\" class=\"uag-image-2242\" width=\"500\" height=\"200\" title=\"\" loading=\"lazy\"\/><\/a><div class=\"wp-block-uagb-image--layout-overlay__color-wrapper\"><\/div><div class=\"wp-block-uagb-image--layout-overlay__inner center-center\"><a class=\"wp-block-uagb-image--layout-overlay-link \" href=\"https:\/\/www.swisslife.fr\/home.html\" target=\"_blank\" rel=\"noreferrer noopener\"><\/a><h2 class=\"uagb-image-heading\"> <\/h2><\/div><\/figure><\/div>\n\n\n\n<p><\/p>\n\n\n\n<div class=\"wp-block-uagb-image aligncenter uagb-block-9ed0df95 wp-block-uagb-image--layout-overlay wp-block-uagb-image--effect-zoomin wp-block-uagb-image--align-center\"><figure class=\"wp-block-uagb-image__figure\"><a class=\"\" href=\"https:\/\/www.ambiance-de-fleurs.fr\/\" target=\"_blank\" rel=\"noreferrer noopener\"><img decoding=\"async\" srcset=\"http:\/\/subaquatiquedunois.fr\/sd\/wp-content\/uploads\/2023\/08\/AmbianceDeFleurs.jpeg \" sizes=\"auto, (max-width: 480px) 150px\" src=\"http:\/\/subaquatiquedunois.fr\/sd\/wp-content\/uploads\/2023\/08\/AmbianceDeFleurs.jpeg\" alt=\"\" class=\"uag-image-1747\" width=\"500\" height=\"200\" title=\"\" loading=\"lazy\"\/><\/a><div class=\"wp-block-uagb-image--layout-overlay__color-wrapper\"><\/div><div class=\"wp-block-uagb-image--layout-overlay__inner center-center\"><a class=\"wp-block-uagb-image--layout-overlay-link \" href=\"https:\/\/www.ambiance-de-fleurs.fr\/\" target=\"_blank\" rel=\"noreferrer noopener\"><\/a><\/div><\/figure><\/div>\n\n\n\n<p><\/p>\n\n\n\n<div class=\"wp-block-uagb-image aligncenter uagb-block-e71fb2aa wp-block-uagb-image--layout-overlay wp-block-uagb-image--effect-zoomin wp-block-uagb-image--align-center\"><figure class=\"wp-block-uagb-image__figure\"><a class=\"\" href=\"https:\/\/www.ville-chateaudun.fr\/\" target=\"_blank\" rel=\"noreferrer noopener\"><img decoding=\"async\" srcset=\"http:\/\/subaquatiquedunois.fr\/sd\/wp-content\/uploads\/2023\/08\/VilleDeChateaudun.jpg \" sizes=\"auto, (max-width: 480px) 150px\" src=\"http:\/\/subaquatiquedunois.fr\/sd\/wp-content\/uploads\/2023\/08\/VilleDeChateaudun.jpg\" alt=\"\" class=\"uag-image-1804\" width=\"500\" height=\"200\" title=\"\" loading=\"lazy\"\/><\/a><div class=\"wp-block-uagb-image--layout-overlay__color-wrapper\"><\/div><div class=\"wp-block-uagb-image--layout-overlay__inner center-center\"><a class=\"wp-block-uagb-image--layout-overlay-link \" href=\"https:\/\/www.ville-chateaudun.fr\/\" target=\"_blank\" rel=\"noreferrer noopener\"><\/a><\/div><\/figure><\/div>\n\n\n\n<p><\/p>\n\n\n\n<div class=\"wp-block-uagb-image aligncenter uagb-block-5ed2e354 wp-block-uagb-image--layout-overlay wp-block-uagb-image--effect-zoomin wp-block-uagb-image--align-center\"><figure class=\"wp-block-uagb-image__figure\"><a class=\"\" href=\"https:\/\/www.facebook.com\/grandchateaudun\/\" target=\"_blank\" rel=\"noreferrer noopener\"><img decoding=\"async\" srcset=\"http:\/\/subaquatiquedunois.fr\/sd\/wp-content\/uploads\/2023\/08\/LeGrandChateaudun.jpg \" sizes=\"auto, (max-width: 480px) 150px\" src=\"http:\/\/subaquatiquedunois.fr\/sd\/wp-content\/uploads\/2023\/08\/LeGrandChateaudun.jpg\" alt=\"\" class=\"uag-image-1806\" width=\"500\" height=\"200\" title=\"\" loading=\"lazy\"\/><\/a><div class=\"wp-block-uagb-image--layout-overlay__color-wrapper\"><\/div><div class=\"wp-block-uagb-image--layout-overlay__inner center-center\"><a class=\"wp-block-uagb-image--layout-overlay-link \" href=\"https:\/\/www.facebook.com\/grandchateaudun\/\" target=\"_blank\" rel=\"noreferrer noopener\"><\/a><\/div><\/figure><\/div>\n\n\n\n<p><\/p>\n\n\n\n<div class=\"wp-block-uagb-image aligncenter uagb-block-049c8ba4 wp-block-uagb-image--layout-overlay wp-block-uagb-image--effect-zoomin wp-block-uagb-image--align-center\"><figure class=\"wp-block-uagb-image__figure\"><a class=\"\" href=\"https:\/\/le-triangle.fr\/\" target=\"_blank\" rel=\"noreferrer noopener\"><img decoding=\"async\" srcset=\"http:\/\/subaquatiquedunois.fr\/sd\/wp-content\/uploads\/2024\/06\/Groupe-le-Triangle-Logotype-2017-RVB.jpg \" sizes=\"auto, (max-width: 480px) 150px\" src=\"http:\/\/subaquatiquedunois.fr\/sd\/wp-content\/uploads\/2024\/06\/Groupe-le-Triangle-Logotype-2017-RVB.jpg\" alt=\"\" class=\"uag-image-2241\" width=\"500\" height=\"200\" title=\"\" loading=\"lazy\"\/><\/a><div class=\"wp-block-uagb-image--layout-overlay__color-wrapper\"><\/div><div class=\"wp-block-uagb-image--layout-overlay__inner center-center\"><a class=\"wp-block-uagb-image--layout-overlay-link \" href=\"https:\/\/le-triangle.fr\/\" target=\"_blank\" rel=\"noreferrer noopener\"><\/a><\/div><\/figure><\/div>\n\n\n\n<p><\/p>\n\n\n\n<div class=\"wp-block-uagb-image aligncenter uagb-block-1e92cd8e wp-block-uagb-image--layout-overlay wp-block-uagb-image--effect-zoomin wp-block-uagb-image--align-center\"><figure class=\"wp-block-uagb-image__figure\"><a class=\"\" href=\"https:\/\/www.centre-valdeloire.fr\/\" target=\"_blank\" rel=\"noreferrer noopener\"><img decoding=\"async\" srcset=\"http:\/\/subaquatiquedunois.fr\/sd\/wp-content\/uploads\/2024\/06\/conseil-regional-centre-val-de-loire.png \" sizes=\"auto, (max-width: 480px) 150px\" src=\"http:\/\/subaquatiquedunois.fr\/sd\/wp-content\/uploads\/2024\/06\/conseil-regional-centre-val-de-loire.png\" alt=\"\" class=\"uag-image-2239\" width=\"500\" height=\"200\" title=\"\" loading=\"lazy\"\/><\/a><div class=\"wp-block-uagb-image--layout-overlay__color-wrapper\"><\/div><div class=\"wp-block-uagb-image--layout-overlay__inner center-center\"><a class=\"wp-block-uagb-image--layout-overlay-link \" href=\"https:\/\/www.centre-valdeloire.fr\/\" target=\"_blank\" rel=\"noreferrer noopener\"><\/a><\/div><\/figure><\/div>\n\n\n\n<p><\/p>\n\n\n\n<div class=\"wp-block-uagb-image aligncenter uagb-block-cb358060 wp-block-uagb-image--layout-overlay wp-block-uagb-image--effect-zoomin wp-block-uagb-image--align-center\"><figure class=\"wp-block-uagb-image__figure\"><a class=\"\" href=\"https:\/\/leurelienne.fr\/\" target=\"_blank\" rel=\"noreferrer noopener\"><img decoding=\"async\" srcset=\"http:\/\/subaquatiquedunois.fr\/sd\/wp-content\/uploads\/2024\/06\/LEurelienne.jpg \" sizes=\"auto, (max-width: 480px) 150px\" src=\"http:\/\/subaquatiquedunois.fr\/sd\/wp-content\/uploads\/2024\/06\/LEurelienne.jpg\" alt=\"\" class=\"uag-image-2237\" width=\"500\" height=\"200\" title=\"\" loading=\"lazy\"\/><\/a><div class=\"wp-block-uagb-image--layout-overlay__color-wrapper\"><\/div><div class=\"wp-block-uagb-image--layout-overlay__inner center-center\"><a class=\"wp-block-uagb-image--layout-overlay-link \" href=\"https:\/\/leurelienne.fr\/\" target=\"_blank\" rel=\"noreferrer noopener\"><\/a><\/div><\/figure><\/div>\n\n\n\n<p><\/p>\n\n\n\n<div class=\"wp-block-uagb-image aligncenter uagb-block-01bb8c5c wp-block-uagb-image--layout-overlay wp-block-uagb-image--effect-zoomin wp-block-uagb-image--align-center\"><figure class=\"wp-block-uagb-image__figure\"><a class=\"\" href=\"https:\/\/www.groupama.fr\/\" target=\"_blank\" rel=\"noreferrer noopener\"><img decoding=\"async\" srcset=\"http:\/\/subaquatiquedunois.fr\/sd\/wp-content\/uploads\/2024\/06\/Groupama.png \" sizes=\"auto, (max-width: 480px) 150px\" src=\"http:\/\/subaquatiquedunois.fr\/sd\/wp-content\/uploads\/2024\/06\/Groupama.png\" alt=\"\" class=\"uag-image-2236\" width=\"500\" height=\"200\" title=\"\" loading=\"lazy\"\/><\/a><div class=\"wp-block-uagb-image--layout-overlay__color-wrapper\"><\/div><div class=\"wp-block-uagb-image--layout-overlay__inner center-center\"><a class=\"wp-block-uagb-image--layout-overlay-link \" href=\"https:\/\/www.groupama.fr\/\" target=\"_blank\" rel=\"noreferrer noopener\"><\/a><\/div><\/figure><\/div>\n\n\n\n<p><\/p>\n\n\n\n<div class=\"wp-block-uagb-image aligncenter uagb-block-18ff35f0 wp-block-uagb-image--layout-overlay wp-block-uagb-image--effect-zoomin wp-block-uagb-image--align-center\"><figure class=\"wp-block-uagb-image__figure\"><a class=\"\" href=\"http:\/\/subaquatiquedunois.fr\/sd\/wp-content\/uploads\/2024\/06\/Dunois-medical.jpg\" target=\"_blank\" rel=\"noreferrer noopener\"><img decoding=\"async\" srcset=\"http:\/\/subaquatiquedunois.fr\/sd\/wp-content\/uploads\/2024\/06\/Dunois-medical.jpg \" sizes=\"auto, (max-width: 480px) 150px\" src=\"http:\/\/subaquatiquedunois.fr\/sd\/wp-content\/uploads\/2024\/06\/Dunois-medical.jpg\" alt=\"\" class=\"uag-image-2245\" width=\"500\" height=\"200\" title=\"\" loading=\"lazy\"\/><\/a><div class=\"wp-block-uagb-image--layout-overlay__color-wrapper\"><\/div><div class=\"wp-block-uagb-image--layout-overlay__inner center-center\"><a class=\"wp-block-uagb-image--layout-overlay-link \" href=\"http:\/\/subaquatiquedunois.fr\/sd\/wp-content\/uploads\/2024\/06\/Dunois-medical.jpg\" target=\"_blank\" rel=\"noreferrer noopener\"><\/a><\/div><\/figure><\/div>\n\n\n\n<p><\/p>\n\n\n\n<div class=\"wp-block-uagb-image aligncenter uagb-block-10d39cce wp-block-uagb-image--layout-overlay wp-block-uagb-image--effect-zoomin wp-block-uagb-image--align-center\"><figure class=\"wp-block-uagb-image__figure\"><a class=\"\" href=\"https:\/\/www.intermarche.com\/\" target=\"_blank\" rel=\"noreferrer noopener\"><img decoding=\"async\" srcset=\"http:\/\/subaquatiquedunois.fr\/sd\/wp-content\/uploads\/2024\/06\/Intermarche.jpg \" sizes=\"auto, (max-width: 480px) 150px\" src=\"http:\/\/subaquatiquedunois.fr\/sd\/wp-content\/uploads\/2024\/06\/Intermarche.jpg\" alt=\"\" class=\"uag-image-2244\" width=\"500\" height=\"200\" title=\"\" loading=\"lazy\"\/><\/a><div class=\"wp-block-uagb-image--layout-overlay__color-wrapper\"><\/div><div class=\"wp-block-uagb-image--layout-overlay__inner center-center\"><a class=\"wp-block-uagb-image--layout-overlay-link \" href=\"https:\/\/www.intermarche.com\/\" target=\"_blank\" rel=\"noreferrer noopener\"><\/a><\/div><\/figure><\/div>\n\n\n\n<p><\/p>\n","protected":false},"excerpt":{"rendered":"<p>Voici une premi\u00e8re liste de nos partenaires qui contribuent \u00e0 la vie de notre association et qui nous aident \u00e0 am\u00e9liorer et promouvoir nos activit\u00e9s. MERCI \u00e0 tous!<\/p>\n","protected":false},"author":1,"featured_media":1187,"parent":174,"menu_order":30,"comment_status":"closed","ping_status":"closed","template":"","meta":{"_seopress_robots_primary_cat":"","_seopress_titles_title":"","_seopress_titles_desc":"","_seopress_robots_index":"","_uag_custom_page_level_css":"","site-sidebar-layout":"default","site-content-layout":"default","ast-global-header-display":"","ast-main-header-display":"","ast-hfb-above-header-display":"","ast-hfb-below-header-display":"","ast-hfb-mobile-header-display":"","site-post-title":"","ast-breadcrumbs-content":"","ast-featured-img":"","footer-sml-layout":"","theme-transparent-header-meta":"","adv-header-id-meta":"","stick-header-meta":"","header-above-stick-meta":"","header-main-stick-meta":"","header-below-stick-meta":"","footnotes":""},"folder":[10],"class_list":["post-1185","page","type-page","status-publish","has-post-thumbnail","hentry"],"uagb_featured_image_src":{"full":["http:\/\/subaquatiquedunois.fr\/sd\/wp-content\/uploads\/2023\/02\/logos01.jpg",940,320,false],"thumbnail":["http:\/\/subaquatiquedunois.fr\/sd\/wp-content\/uploads\/2023\/02\/logos01-150x150.jpg",150,150,true],"medium":["http:\/\/subaquatiquedunois.fr\/sd\/wp-content\/uploads\/2023\/02\/logos01-300x102.jpg",300,102,true],"medium_large":["http:\/\/subaquatiquedunois.fr\/sd\/wp-content\/uploads\/2023\/02\/logos01-768x261.jpg",768,261,true],"large":["http:\/\/subaquatiquedunois.fr\/sd\/wp-content\/uploads\/2023\/02\/logos01.jpg",940,320,false],"rpg_image_slider":["http:\/\/subaquatiquedunois.fr\/sd\/wp-content\/uploads\/2023\/02\/logos01.jpg",940,320,false],"rpg_image_thumbnail":["http:\/\/subaquatiquedunois.fr\/sd\/wp-content\/uploads\/2023\/02\/logos01-900x320.jpg",900,320,true],"1536x1536":["http:\/\/subaquatiquedunois.fr\/sd\/wp-content\/uploads\/2023\/02\/logos01.jpg",940,320,false],"2048x2048":["http:\/\/subaquatiquedunois.fr\/sd\/wp-content\/uploads\/2023\/02\/logos01.jpg",940,320,false],"menu-24x24":["http:\/\/subaquatiquedunois.fr\/sd\/wp-content\/uploads\/2023\/02\/logos01-24x8.jpg",24,8,true],"menu-36x36":["http:\/\/subaquatiquedunois.fr\/sd\/wp-content\/uploads\/2023\/02\/logos01-36x12.jpg",36,12,true],"menu-48x48":["http:\/\/subaquatiquedunois.fr\/sd\/wp-content\/uploads\/2023\/02\/logos01-48x16.jpg",48,16,true]},"uagb_author_info":{"display_name":"administrateur","author_link":"http:\/\/subaquatiquedunois.fr\/sd\/author\/administrateur\/"},"uagb_comment_info":0,"uagb_excerpt":"Voici une premi\u00e8re liste de nos partenaires qui contribuent \u00e0 la vie de notre association et qui nous aident \u00e0 am\u00e9liorer et promouvoir nos activit\u00e9s. MERCI \u00e0 tous!","_links":{"self":[{"href":"http:\/\/subaquatiquedunois.fr\/sd\/wp-json\/wp\/v2\/pages\/1185","targetHints":{"allow":["GET"]}}],"collection":[{"href":"http:\/\/subaquatiquedunois.fr\/sd\/wp-json\/wp\/v2\/pages"}],"about":[{"href":"http:\/\/subaquatiquedunois.fr\/sd\/wp-json\/wp\/v2\/types\/page"}],"author":[{"embeddable":true,"href":"http:\/\/subaquatiquedunois.fr\/sd\/wp-json\/wp\/v2\/users\/1"}],"replies":[{"embeddable":true,"href":"http:\/\/subaquatiquedunois.fr\/sd\/wp-json\/wp\/v2\/comments?post=1185"}],"version-history":[{"count":26,"href":"http:\/\/subaquatiquedunois.fr\/sd\/wp-json\/wp\/v2\/pages\/1185\/revisions"}],"predecessor-version":[{"id":2251,"href":"http:\/\/subaquatiquedunois.fr\/sd\/wp-json\/wp\/v2\/pages\/1185\/revisions\/2251"}],"up":[{"embeddable":true,"href":"http:\/\/subaquatiquedunois.fr\/sd\/wp-json\/wp\/v2\/pages\/174"}],"wp:featuredmedia":[{"embeddable":true,"href":"http:\/\/subaquatiquedunois.fr\/sd\/wp-json\/wp\/v2\/media\/1187"}],"wp:attachment":[{"href":"http:\/\/subaquatiquedunois.fr\/sd\/wp-json\/wp\/v2\/media?parent=1185"}],"wp:term":[{"taxonomy":"folder","embeddable":true,"href":"http:\/\/subaquatiquedunois.fr\/sd\/wp-json\/wp\/v2\/folder?post=1185"}],"curies":[{"name":"wp","href":"https:\/\/api.w.org\/{rel}","templated":true}]}}