{"id":1192,"date":"2023-02-20T08:56:56","date_gmt":"2023-02-20T07:56:56","guid":{"rendered":"http:\/\/subaquatiquedunois.fr\/sd\/?page_id=1192"},"modified":"2025-09-24T12:23:30","modified_gmt":"2025-09-24T10:23:30","slug":"biologie-environnement","status":"publish","type":"page","link":"http:\/\/subaquatiquedunois.fr\/sd\/nos-activites\/biologie-environnement\/","title":{"rendered":"Biologie &#038; environnement"},"content":{"rendered":"\n<div class=\"wp-block-uagb-container uagb-block-03263515 alignwide uagb-is-root-container\">\n<h2 class=\"wp-block-heading\">La Biologie Sous-Marine<\/h2>\n\n\n\n<div class=\"wp-block-uagb-container uagb-block-c6d281a3 alignfull uagb-is-root-container\">\n<p><\/p>\n\n\n\n<div class=\"wp-block-uagb-container uagb-block-9ac1926e\">\n<div class=\"wp-block-uagb-image uagb-block-4c737817 wp-block-uagb-image--layout-default wp-block-uagb-image--effect-static wp-block-uagb-image--align-none\"><figure class=\"wp-block-uagb-image__figure\"><img decoding=\"async\" srcset=\"http:\/\/subaquatiquedunois.fr\/sd\/wp-content\/uploads\/2023\/10\/bio01.png \" sizes=\"auto, (max-width: 480px) 150px\" src=\"http:\/\/subaquatiquedunois.fr\/sd\/wp-content\/uploads\/2023\/10\/bio01.png\" alt=\"\" class=\"uag-image-1893\" width=\"529\" height=\"529\" title=\"\" loading=\"lazy\"\/><\/figure><\/div>\n<\/div>\n\n\n\n<div class=\"wp-block-uagb-container uagb-block-2a05b67a\">\n<p>Vous vous souciez de l\u2019environnement et de la protection des Oc\u00e9ans. Vous en avez marre de ne pas savoir ce que vous avez vu<br>lors de votre plong\u00e9e ou vous souhaitez simplement mieux comprendre les interactions des esp\u00e8ces entres elles&nbsp;?<br><strong>\u27aa Alors cette formation est faite pour vous&nbsp;!!<\/strong><\/p>\n\n\n\n<p><\/p>\n<\/div>\n\n\n\n<div class=\"wp-block-uagb-container uagb-block-11ef14a5\">\n<p>Mais pas de soucis \u00e0 se faire. Pour d\u00e9buter en biologie sous-marine pas besoin de parler latin, ni d\u2019apprendre par c\u0153ur le nom de centaines d\u2019esp\u00e8ces. C\u2019est une formation loisir qu\u2019on va essayer de rendre le plus p\u00e9dagogique possible et au plus proche de votre vie de plongeur.<\/p>\n\n\n\n<div class=\"wp-block-uagb-container uagb-block-d185bdb4 alignfull uagb-is-root-container\"><div class=\"uagb-container-inner-blocks-wrap\">\n<div class=\"wp-block-uagb-container uagb-block-bec80ba3\">\n<div class=\"wp-block-uagb-image uagb-block-a656952c wp-block-uagb-image--layout-default wp-block-uagb-image--effect-static wp-block-uagb-image--align-none\"><figure class=\"wp-block-uagb-image__figure\"><img decoding=\"async\" srcset=\"http:\/\/subaquatiquedunois.fr\/sd\/wp-content\/uploads\/2023\/10\/bio03.jpg \" sizes=\"auto, (max-width: 480px) 150px\" src=\"http:\/\/subaquatiquedunois.fr\/sd\/wp-content\/uploads\/2023\/10\/bio03.jpg\" alt=\"\" class=\"uag-image-1895\" width=\"573\" height=\"892\" title=\"\" loading=\"lazy\"\/><\/figure><\/div>\n<\/div>\n\n\n\n<div class=\"wp-block-uagb-container uagb-block-3be4015d\">\n<p>La biologie sous-marine est ouverte \u00e0 tous les amoureux de la mer. Et pour les plus sceptique qui ont peur qu\u2019on ne s\u2019int\u00e9resse qu\u2019aux petites b\u00eab\u00eates difficile \u00e0 voir, sachez que la Bio s\u2019int\u00e9resse du plus petit organisme microscopique jusqu\u2019aux mammif\u00e8res marins gigantesques. Enfin des outils pour vous aider existent telles que des loupes ou le visionnage photo apr\u00e8s la plong\u00e9e.<\/p>\n\n\n\n<p><\/p>\n<\/div>\n<\/div><\/div>\n<\/div>\n\n\n\n<div class=\"wp-block-uagb-container uagb-block-eeb8bf5d\">\n<div class=\"wp-block-uagb-image uagb-block-19d097ab wp-block-uagb-image--layout-default wp-block-uagb-image--effect-static wp-block-uagb-image--align-none\"><figure class=\"wp-block-uagb-image__figure\"><img decoding=\"async\" srcset=\"http:\/\/subaquatiquedunois.fr\/sd\/wp-content\/uploads\/2023\/10\/bio02.jpg \" sizes=\"auto, (max-width: 480px) 150px\" src=\"http:\/\/subaquatiquedunois.fr\/sd\/wp-content\/uploads\/2023\/10\/bio02.jpg\" alt=\"\" class=\"uag-image-1894\" width=\"574\" height=\"974\" title=\"\" loading=\"lazy\"\/><\/figure><\/div>\n<\/div>\n<\/div>\n\n\n\n<p><\/p>\n\n\n\n<h2 class=\"wp-block-heading\">Pourquoi se lancer dans la biologie sous-marine&nbsp;?<\/h2>\n\n\n\n<div class=\"wp-block-uagb-container uagb-block-e53e8e9a alignfull uagb-is-root-container\"><div class=\"uagb-container-inner-blocks-wrap\">\n<div class=\"wp-block-uagb-container uagb-block-346fcce3\">\n<p>La biologie subaquatique changera votre mani\u00e8re de faire de la plong\u00e9e sous-marine et votre vision sur l\u2019environnement. <\/p>\n\n\n\n<ul class=\"wp-block-list\">\n<li>Elle va transformer et enrichir vos futures plong\u00e9es.<\/li>\n\n\n\n<li>Elle a aussi pour but de sensibiliser les plongeurs \u00e0 l\u2019environnement et \u00e0 la fragilit\u00e9 de l\u2019\u00e9cosyst\u00e8me sous-marin.<\/li>\n\n\n\n<li>Elle va \u00e9galement vous permettre d\u2019am\u00e9liorer votre technique de palmages et de stabilisation afin de prot\u00e9ger au mieux la faune et flore.<\/li>\n<\/ul>\n<\/div>\n\n\n\n<div class=\"wp-block-uagb-container uagb-block-1493b023\">\n<div class=\"wp-block-uagb-image uagb-block-0dd10fca wp-block-uagb-image--layout-default wp-block-uagb-image--effect-static wp-block-uagb-image--align-none\"><figure class=\"wp-block-uagb-image__figure\"><img decoding=\"async\" srcset=\"http:\/\/subaquatiquedunois.fr\/sd\/wp-content\/uploads\/2023\/10\/bio10.jpg \" sizes=\"auto, (max-width: 480px) 150px\" src=\"http:\/\/subaquatiquedunois.fr\/sd\/wp-content\/uploads\/2023\/10\/bio10.jpg\" alt=\"\" class=\"uag-image-1902\" width=\"843\" height=\"563\" title=\"\" loading=\"lazy\"\/><\/figure><\/div>\n<\/div>\n<\/div><\/div>\n\n\n\n<div class=\"wp-block-uagb-container uagb-block-d2e8a057 alignfull uagb-is-root-container\"><div class=\"uagb-container-inner-blocks-wrap\">\n<div class=\"wp-block-uagb-container uagb-block-105004a4\">\n<figure class=\"wp-block-image alignright size-full is-resized has-custom-border is-style-rounded\"><img loading=\"lazy\" decoding=\"async\" src=\"http:\/\/subaquatiquedunois.fr\/sd\/wp-content\/uploads\/2023\/10\/bio11.png\" alt=\"\" class=\"wp-image-1903\" style=\"border-style:none;border-width:0px;border-radius:82px\" width=\"234\" height=\"222\" srcset=\"http:\/\/subaquatiquedunois.fr\/sd\/wp-content\/uploads\/2023\/10\/bio11.png 681w, http:\/\/subaquatiquedunois.fr\/sd\/wp-content\/uploads\/2023\/10\/bio11-300x284.png 300w, http:\/\/subaquatiquedunois.fr\/sd\/wp-content\/uploads\/2023\/10\/bio11-24x24.png 24w, http:\/\/subaquatiquedunois.fr\/sd\/wp-content\/uploads\/2023\/10\/bio11-36x34.png 36w, http:\/\/subaquatiquedunois.fr\/sd\/wp-content\/uploads\/2023\/10\/bio11-48x45.png 48w\" sizes=\"auto, (max-width: 234px) 100vw, 234px\" \/><\/figure>\n<\/div>\n\n\n\n<div class=\"wp-block-uagb-container uagb-block-9c0ef5dd\">\n<p>C\u2019est aussi un plus pour les plongeurs souhaitant d\u00e9buter ou s\u2019am\u00e9liorer <br>dans le domaine de la photo\/vid\u00e9o.<\/p>\n<\/div>\n<\/div><\/div>\n\n\n\n<h2 class=\"wp-block-heading\">Quels niveaux de Bio&nbsp;?<\/h2>\n\n\n\n<p>Nous vous proposerons 2 niveaux de formations \u00e0 la biologie sous-marine&nbsp;:<\/p>\n\n\n\n<div class=\"wp-block-uagb-container uagb-block-b8eebd06 alignfull uagb-is-root-container\"><div class=\"uagb-container-inner-blocks-wrap\">\n<div class=\"wp-block-uagb-container uagb-block-9a76ffb8\">\n<ul class=\"wp-block-list\">\n<li><strong>Le plongeur biologie niveau 1 (PB1) <\/strong><br>a pour but de vous faire d\u00e9couvrir la plong\u00e9e d\u2019observation et l\u2019organisation g\u00e9n\u00e9rale de la vie subaquatique.<\/li>\n<\/ul>\n\n\n\t\t\t\t\t<div\n\t\t\t\t\t\tclass=\"wp-block-uagb-image-gallery uagb-block-a8eb9f03     \"\n\t\t\t\t\t\tstyle=\"\"\n\t\t\t\t\t>\n\t\t\t\t\t\t\t\t\t\t\t<div class=\"spectra-image-gallery spectra-image-gallery__layout--carousel\">\n\t\t\t\t\t\t\t\t<div class=\"uagb-slick-carousel uagb-block-a8eb9f03\">\n\t\t\t\t\t\t\t\t\t\t\t\t<div class='spectra-image-gallery__media-wrapper' data-spectra-gallery-image-id='1897'>\n\t\t\t\t\t\t\t<div class=\"spectra-image-gallery__media spectra-image-gallery__media--carousel\">\n\t\t\t\t<picture>\n\t\t\t\t\t<source media=\"(min-width: 1024px)\" srcset=\"http:\/\/subaquatiquedunois.fr\/sd\/wp-content\/uploads\/2023\/10\/bio05.jpg\">\n\t\t\t\t\t<source media=\"(min-width: 768px)\" srcset=\"http:\/\/subaquatiquedunois.fr\/sd\/wp-content\/uploads\/2023\/10\/bio05.jpg\">\n\t\t\t\t\t<img decoding=\"async\" class=\"spectra-image-gallery__media-thumbnail spectra-image-gallery__media-thumbnail--carousel\" src=\"http:\/\/subaquatiquedunois.fr\/sd\/wp-content\/uploads\/2023\/10\/bio05.jpg\" alt=\"\" loading=\"lazy\" \/>\n\t\t\t\t<\/picture>\n\t\t\t\t<div class=\"spectra-image-gallery__media-thumbnail-blurrer\"><\/div>\n\t\t\t\t\t\t\t\t\t\t\t<div class=\"spectra-image-gallery__media-thumbnail-caption-wrapper spectra-image-gallery__media-thumbnail-caption-wrapper--overlay\"><\/div>\n\t\t\t\t\t\t\t\t<\/div>\n\t\t\t\t\t\t<\/div>\n\t\t\t\t\t\t<div class='spectra-image-gallery__media-wrapper' data-spectra-gallery-image-id='1898'>\n\t\t\t\t\t\t\t<div class=\"spectra-image-gallery__media spectra-image-gallery__media--carousel\">\n\t\t\t\t<picture>\n\t\t\t\t\t<source media=\"(min-width: 1024px)\" srcset=\"http:\/\/subaquatiquedunois.fr\/sd\/wp-content\/uploads\/2023\/10\/bio06.jpg\">\n\t\t\t\t\t<source media=\"(min-width: 768px)\" srcset=\"http:\/\/subaquatiquedunois.fr\/sd\/wp-content\/uploads\/2023\/10\/bio06.jpg\">\n\t\t\t\t\t<img decoding=\"async\" class=\"spectra-image-gallery__media-thumbnail spectra-image-gallery__media-thumbnail--carousel\" src=\"http:\/\/subaquatiquedunois.fr\/sd\/wp-content\/uploads\/2023\/10\/bio06.jpg\" alt=\"\" loading=\"lazy\" \/>\n\t\t\t\t<\/picture>\n\t\t\t\t<div class=\"spectra-image-gallery__media-thumbnail-blurrer\"><\/div>\n\t\t\t\t\t\t\t\t\t\t\t<div class=\"spectra-image-gallery__media-thumbnail-caption-wrapper spectra-image-gallery__media-thumbnail-caption-wrapper--overlay\"><\/div>\n\t\t\t\t\t\t\t\t<\/div>\n\t\t\t\t\t\t<\/div>\n\t\t\t\t\t\t<div class='spectra-image-gallery__media-wrapper' data-spectra-gallery-image-id='1899'>\n\t\t\t\t\t\t\t<div class=\"spectra-image-gallery__media spectra-image-gallery__media--carousel\">\n\t\t\t\t<picture>\n\t\t\t\t\t<source media=\"(min-width: 1024px)\" srcset=\"http:\/\/subaquatiquedunois.fr\/sd\/wp-content\/uploads\/2023\/10\/bio07.jpg\">\n\t\t\t\t\t<source media=\"(min-width: 768px)\" srcset=\"http:\/\/subaquatiquedunois.fr\/sd\/wp-content\/uploads\/2023\/10\/bio07.jpg\">\n\t\t\t\t\t<img decoding=\"async\" class=\"spectra-image-gallery__media-thumbnail spectra-image-gallery__media-thumbnail--carousel\" src=\"http:\/\/subaquatiquedunois.fr\/sd\/wp-content\/uploads\/2023\/10\/bio07-300x216.jpg\" alt=\"\" loading=\"lazy\" \/>\n\t\t\t\t<\/picture>\n\t\t\t\t<div class=\"spectra-image-gallery__media-thumbnail-blurrer\"><\/div>\n\t\t\t\t\t\t\t\t\t\t\t<div class=\"spectra-image-gallery__media-thumbnail-caption-wrapper spectra-image-gallery__media-thumbnail-caption-wrapper--overlay\"><\/div>\n\t\t\t\t\t\t\t\t<\/div>\n\t\t\t\t\t\t<\/div>\n\t\t\t\t\t\t<div class='spectra-image-gallery__media-wrapper' data-spectra-gallery-image-id='1900'>\n\t\t\t\t\t\t\t<div class=\"spectra-image-gallery__media spectra-image-gallery__media--carousel\">\n\t\t\t\t<picture>\n\t\t\t\t\t<source media=\"(min-width: 1024px)\" srcset=\"http:\/\/subaquatiquedunois.fr\/sd\/wp-content\/uploads\/2023\/10\/bio08.jpg\">\n\t\t\t\t\t<source media=\"(min-width: 768px)\" srcset=\"http:\/\/subaquatiquedunois.fr\/sd\/wp-content\/uploads\/2023\/10\/bio08.jpg\">\n\t\t\t\t\t<img decoding=\"async\" class=\"spectra-image-gallery__media-thumbnail spectra-image-gallery__media-thumbnail--carousel\" src=\"http:\/\/subaquatiquedunois.fr\/sd\/wp-content\/uploads\/2023\/10\/bio08-300x207.jpg\" alt=\"\" loading=\"lazy\" \/>\n\t\t\t\t<\/picture>\n\t\t\t\t<div class=\"spectra-image-gallery__media-thumbnail-blurrer\"><\/div>\n\t\t\t\t\t\t\t\t\t\t\t<div class=\"spectra-image-gallery__media-thumbnail-caption-wrapper spectra-image-gallery__media-thumbnail-caption-wrapper--overlay\"><\/div>\n\t\t\t\t\t\t\t\t<\/div>\n\t\t\t\t\t\t<\/div>\n\t\t\t\t\t\t\t\t\t\t\t<\/div>\n\t\t\t\t\t\t\t<\/div>\n\t\t\t\t\t\t\t\t\t\t\t<\/div>\n\t\t\t\t\t\t\t\t\t<\/div>\n\n\n\n<div class=\"wp-block-uagb-container uagb-block-d5122fab\">\n<div class=\"wp-block-uagb-image uagb-block-178b1eaa wp-block-uagb-image--layout-default wp-block-uagb-image--effect-static wp-block-uagb-image--align-none\"><figure class=\"wp-block-uagb-image__figure\"><img decoding=\"async\" srcset=\"http:\/\/subaquatiquedunois.fr\/sd\/wp-content\/uploads\/2023\/10\/bio04.png \" sizes=\"auto, (max-width: 480px) 150px\" src=\"http:\/\/subaquatiquedunois.fr\/sd\/wp-content\/uploads\/2023\/10\/bio04.png\" alt=\"\" class=\"uag-image-1896\" width=\"924\" height=\"615\" title=\"\" loading=\"lazy\"\/><\/figure><\/div>\n<\/div>\n<\/div><\/div>\n\n\n\n<div class=\"wp-block-uagb-container uagb-block-70e7b8a3 alignfull uagb-is-root-container\"><div class=\"uagb-container-inner-blocks-wrap\">\n<div class=\"wp-block-uagb-container uagb-block-24be9fdf\">\n<ul class=\"wp-block-list\">\n<li><strong><em>Le plongeur biologie niveau 2 (PB2) <\/em><\/strong><br>va permettre un approfondissement des connaissances abord\u00e9s au PB1 avec plus de th\u00e8mes (associations, la reproduction, la locomotion, la pr\u00e9dation, \u2026). <br>Ainsi que des techniques de laboratoire avec la confection d\u2019un aquarium, le pr\u00e9l\u00e8vement et l\u2019observation au microscope du plancton, \u2026)<\/li>\n<\/ul>\n<\/div>\n\n\n\n<div class=\"wp-block-uagb-container uagb-block-35117a60\">\n<div class=\"wp-block-uagb-image uagb-block-bdfb7bc6 wp-block-uagb-image--layout-default wp-block-uagb-image--effect-static wp-block-uagb-image--align-none\"><figure class=\"wp-block-uagb-image__figure\"><img decoding=\"async\" srcset=\"http:\/\/subaquatiquedunois.fr\/sd\/wp-content\/uploads\/2023\/10\/bio09.jpg \" sizes=\"auto, (max-width: 480px) 150px\" src=\"http:\/\/subaquatiquedunois.fr\/sd\/wp-content\/uploads\/2023\/10\/bio09.jpg\" alt=\"\" class=\"uag-image-1901\" width=\"924\" height=\"615\" title=\"\" loading=\"lazy\"\/><\/figure><\/div>\n<\/div>\n<\/div><\/div>\n\n\n\n<h2 class=\"wp-block-heading\">Les Soir\u00e9es bio ouverte \u00e0 tous<\/h2>\n\n\n\n<p>Enfin notre commission bio continuera de vous proposer ponctuellement au cours de la saison des \u00ab&nbsp;soir\u00e9es Bio&nbsp;\u00bb avant les sorties club afin de vous pr\u00e9senter la faune et flore locale ainsi que les sp\u00e9cificit\u00e9s des sites de plong\u00e9es. A vous aussi de nous proposer des th\u00e8mes bio que vous souhaiteriez qu\u2019on aborde autour d\u2019une soir\u00e9e conviviale.<\/p>\n\n\n\n<p><\/p>\n<\/div>\n\n\n\n<p><\/p>\n\n\n\n<p><\/p>\n\n\n\n<h2 class=\"wp-block-heading\">Historique des articles<\/h2>\n\n\n\n\t\t\t<div class=\"wp-block-uagb-post-grid uagb-post-grid  uagb-post__image-position-top uagb-post__image-enabled uagb-block-28b99170     uagb-post__items uagb-post__columns-3 is-grid uagb-post__columns-tablet-2 uagb-post__columns-mobile-1 uagb-post__equal-height\" data-total=\"1\" style=\"\">\n\n\t\t\t\t\t\t\t\t\t\t\t\t<article class=\"uagb-post__inner-wrap\">\t\t\t\t\t\t\t\t<div class='uagb-post__image'>\n\t\t\t\t\t\t\t\t\t<a href=\"http:\/\/subaquatiquedunois.fr\/sd\/art-2429\/\" target=\"_self\" rel=\"bookmark noopener noreferrer\" class='uagb-image-ratio-inherit'><img loading=\"lazy\" decoding=\"async\" width=\"300\" height=\"300\" src=\"http:\/\/subaquatiquedunois.fr\/sd\/wp-content\/uploads\/sd-forms\/main_image_2429.jpg\" class=\"attachment-medium size-medium\" alt=\"\" \/>\t\t\t\t\t<\/a>\n\t\t\t\t\t\t\t<\/div>\n\t\t\t\t\t\t<h4 class=\"uagb-post__title uagb-post__text\">\n\t\t\t\t<a href=\"http:\/\/subaquatiquedunois.fr\/sd\/art-2429\/\" target=\"_self\" rel=\"bookmark noopener noreferrer\">Sortie BIO \u00e0 Erquy les 13 et 14 septembre<\/a>\n\t\t\t<\/h4>\n\t\t\t\t\t\t<div class='uagb-post__text uagb-post-grid-byline'>\n\t\t\t\t\t\t\t<\/div>\n\t\t\t\t\t\t<div class=\"uagb-post__text uagb-post__cta wp-block-button\">\n\t\t\t\t<a class=\"wp-block-button__link uagb-text-link\" style=\"\" href=\"http:\/\/subaquatiquedunois.fr\/sd\/art-2429\/\" target=\"_self\" rel=\"bookmark noopener noreferrer\">Lire la suite<\/a>\n\t\t\t<\/div>\n\t\t\t\n\t\t\t\t\t\t\t\t\t<\/article>\n\t\t\t\t\t\t\t\t\t\t\t\t\t<div class=\"uagb-post-pagination-wrap\">\n\t\t\t\t\t\t\t\t\t\t\t<\/div>\n\t\t\t\t\t\t\t\t<\/div>\n\t\t\t","protected":false},"excerpt":{"rendered":"<p>La Biologie Sous-Marine Vous vous souciez de l\u2019environnement et de la protection des Oc\u00e9ans. Vous en avez marre de ne pas savoir ce que vous avez vulors de votre plong\u00e9e ou vous souhaitez simplement mieux comprendre les interactions des esp\u00e8ces entres elles&nbsp;?\u27aa Alors cette formation est faite pour vous&nbsp;!! Mais pas de soucis \u00e0 se &hellip;<\/p>\n<p class=\"read-more\"> <a class=\"\" href=\"http:\/\/subaquatiquedunois.fr\/sd\/nos-activites\/biologie-environnement\/\"> <span class=\"screen-reader-text\">Biologie &#038; environnement<\/span> Lire la suite\u00a0\u00bb<\/a><\/p>\n","protected":false},"author":1,"featured_media":1193,"parent":77,"menu_order":6,"comment_status":"closed","ping_status":"closed","template":"","meta":{"_seopress_robots_primary_cat":"","_seopress_titles_title":"","_seopress_titles_desc":"","_seopress_robots_index":"","_uag_custom_page_level_css":"","site-sidebar-layout":"default","site-content-layout":"default","ast-global-header-display":"","ast-main-header-display":"","ast-hfb-above-header-display":"","ast-hfb-below-header-display":"","ast-hfb-mobile-header-display":"","site-post-title":"","ast-breadcrumbs-content":"","ast-featured-img":"","footer-sml-layout":"","theme-transparent-header-meta":"","adv-header-id-meta":"","stick-header-meta":"","header-above-stick-meta":"","header-main-stick-meta":"","header-below-stick-meta":"","footnotes":""},"folder":[11],"class_list":["post-1192","page","type-page","status-publish","has-post-thumbnail","hentry"],"uagb_featured_image_src":{"full":["http:\/\/subaquatiquedunois.fr\/sd\/wp-content\/uploads\/2023\/02\/biologie02.jpg",1196,320,false],"thumbnail":["http:\/\/subaquatiquedunois.fr\/sd\/wp-content\/uploads\/2023\/02\/biologie02-150x150.jpg",150,150,true],"medium":["http:\/\/subaquatiquedunois.fr\/sd\/wp-content\/uploads\/2023\/02\/biologie02-300x80.jpg",300,80,true],"medium_large":["http:\/\/subaquatiquedunois.fr\/sd\/wp-content\/uploads\/2023\/02\/biologie02-768x205.jpg",768,205,true],"large":["http:\/\/subaquatiquedunois.fr\/sd\/wp-content\/uploads\/2023\/02\/biologie02-1024x274.jpg",1024,274,true],"rpg_image_slider":["http:\/\/subaquatiquedunois.fr\/sd\/wp-content\/uploads\/2023\/02\/biologie02.jpg",1196,320,false],"rpg_image_thumbnail":["http:\/\/subaquatiquedunois.fr\/sd\/wp-content\/uploads\/2023\/02\/biologie02-900x320.jpg",900,320,true],"1536x1536":["http:\/\/subaquatiquedunois.fr\/sd\/wp-content\/uploads\/2023\/02\/biologie02.jpg",1196,320,false],"2048x2048":["http:\/\/subaquatiquedunois.fr\/sd\/wp-content\/uploads\/2023\/02\/biologie02.jpg",1196,320,false],"menu-24x24":["http:\/\/subaquatiquedunois.fr\/sd\/wp-content\/uploads\/2023\/02\/biologie02-24x6.jpg",24,6,true],"menu-36x36":["http:\/\/subaquatiquedunois.fr\/sd\/wp-content\/uploads\/2023\/02\/biologie02-36x10.jpg",36,10,true],"menu-48x48":["http:\/\/subaquatiquedunois.fr\/sd\/wp-content\/uploads\/2023\/02\/biologie02-48x13.jpg",48,13,true]},"uagb_author_info":{"display_name":"administrateur","author_link":"http:\/\/subaquatiquedunois.fr\/sd\/author\/administrateur\/"},"uagb_comment_info":0,"uagb_excerpt":"La Biologie Sous-Marine Vous vous souciez de l\u2019environnement et de la protection des Oc\u00e9ans. Vous en avez marre de ne pas savoir ce que vous avez vulors de votre plong\u00e9e ou vous souhaitez simplement mieux comprendre les interactions des esp\u00e8ces entres elles&nbsp;?\u27aa Alors cette formation est faite pour vous&nbsp;!! Mais pas de soucis \u00e0 se\u2026","_links":{"self":[{"href":"http:\/\/subaquatiquedunois.fr\/sd\/wp-json\/wp\/v2\/pages\/1192","targetHints":{"allow":["GET"]}}],"collection":[{"href":"http:\/\/subaquatiquedunois.fr\/sd\/wp-json\/wp\/v2\/pages"}],"about":[{"href":"http:\/\/subaquatiquedunois.fr\/sd\/wp-json\/wp\/v2\/types\/page"}],"author":[{"embeddable":true,"href":"http:\/\/subaquatiquedunois.fr\/sd\/wp-json\/wp\/v2\/users\/1"}],"replies":[{"embeddable":true,"href":"http:\/\/subaquatiquedunois.fr\/sd\/wp-json\/wp\/v2\/comments?post=1192"}],"version-history":[{"count":23,"href":"http:\/\/subaquatiquedunois.fr\/sd\/wp-json\/wp\/v2\/pages\/1192\/revisions"}],"predecessor-version":[{"id":2443,"href":"http:\/\/subaquatiquedunois.fr\/sd\/wp-json\/wp\/v2\/pages\/1192\/revisions\/2443"}],"up":[{"embeddable":true,"href":"http:\/\/subaquatiquedunois.fr\/sd\/wp-json\/wp\/v2\/pages\/77"}],"wp:featuredmedia":[{"embeddable":true,"href":"http:\/\/subaquatiquedunois.fr\/sd\/wp-json\/wp\/v2\/media\/1193"}],"wp:attachment":[{"href":"http:\/\/subaquatiquedunois.fr\/sd\/wp-json\/wp\/v2\/media?parent=1192"}],"wp:term":[{"taxonomy":"folder","embeddable":true,"href":"http:\/\/subaquatiquedunois.fr\/sd\/wp-json\/wp\/v2\/folder?post=1192"}],"curies":[{"name":"wp","href":"https:\/\/api.w.org\/{rel}","templated":true}]}}