{"id":1197,"date":"2023-02-20T09:03:21","date_gmt":"2023-02-20T08:03:21","guid":{"rendered":"http:\/\/subaquatiquedunois.fr\/sd\/?page_id=1197"},"modified":"2023-03-29T19:38:12","modified_gmt":"2023-03-29T17:38:12","slug":"handisub","status":"publish","type":"page","link":"http:\/\/subaquatiquedunois.fr\/sd\/nos-activites\/handisub\/","title":{"rendered":"Handisub"},"content":{"rendered":"\n<div class=\"wp-block-uagb-container uagb-block-fbb4c858 alignfull uagb-is-root-container\"><div class=\"uagb-container-inner-blocks-wrap\">\n<div class=\"wp-block-uagb-container uagb-block-1e41653b\">\n<h1 class=\"has-text-align-center has-ast-global-color-0-color has-text-color wp-block-heading\"><strong>La plong\u00e9e, une exp\u00e9rience<\/strong><\/h1>\n<\/div>\n\n\n\n<div class=\"wp-block-uagb-container uagb-block-9ea22388\">\n<figure class=\"wp-block-image size-full\"><img loading=\"lazy\" decoding=\"async\" width=\"588\" height=\"193\" src=\"http:\/\/subaquatiquedunois.fr\/sd\/wp-content\/uploads\/2023\/03\/handisub01.png\" alt=\"\" class=\"wp-image-1510\" srcset=\"http:\/\/subaquatiquedunois.fr\/sd\/wp-content\/uploads\/2023\/03\/handisub01.png 588w, http:\/\/subaquatiquedunois.fr\/sd\/wp-content\/uploads\/2023\/03\/handisub01-300x98.png 300w, http:\/\/subaquatiquedunois.fr\/sd\/wp-content\/uploads\/2023\/03\/handisub01-24x8.png 24w, http:\/\/subaquatiquedunois.fr\/sd\/wp-content\/uploads\/2023\/03\/handisub01-36x12.png 36w, http:\/\/subaquatiquedunois.fr\/sd\/wp-content\/uploads\/2023\/03\/handisub01-48x16.png 48w\" sizes=\"auto, (max-width: 588px) 100vw, 588px\" \/><\/figure>\n<\/div>\n<\/div><\/div>\n\n\n\n<p class=\"has-text-align-center has-large-font-size\"><br><strong>Les personnes en situation de handicap peuvent d\u00e9couvrir de nouvelles sensations et plaisirs dans l\u2019eau<\/strong>. <br><\/p>\n\n\n\n<p>Le silence, le corps en sensation d\u2019apesanteur, la respiration qui devient lente et profonde participent pleinement \u00e0 cette exp\u00e9rience o\u00f9 l\u2019homme ne fait qu\u2019un avec l\u2019eau. L&#8217;acc\u00e8s \u00e0 l&#8217;univers aquatique et la micro pesanteur qu&#8217;il apporte ouvrent de nouveaux horizons, au c\u00f4t\u00e9 d\u2019encadrants sp\u00e9cifiquement form\u00e9s qui profiteront \u00e9galement de cette exp\u00e9rience humaine forte.<br><\/p>\n\n\n\n<div class=\"wp-block-uagb-container uagb-block-3dcd4829 alignfull uagb-is-root-container\"><div class=\"uagb-container-inner-blocks-wrap\">\n<div class=\"wp-block-uagb-container uagb-block-1911691f\">\n<figure class=\"wp-block-image aligncenter size-full\"><img loading=\"lazy\" decoding=\"async\" width=\"438\" height=\"95\" src=\"http:\/\/subaquatiquedunois.fr\/sd\/wp-content\/uploads\/2023\/03\/handisub02.png\" alt=\"\" class=\"wp-image-1511\" srcset=\"http:\/\/subaquatiquedunois.fr\/sd\/wp-content\/uploads\/2023\/03\/handisub02.png 438w, http:\/\/subaquatiquedunois.fr\/sd\/wp-content\/uploads\/2023\/03\/handisub02-300x65.png 300w, http:\/\/subaquatiquedunois.fr\/sd\/wp-content\/uploads\/2023\/03\/handisub02-24x5.png 24w, http:\/\/subaquatiquedunois.fr\/sd\/wp-content\/uploads\/2023\/03\/handisub02-36x8.png 36w, http:\/\/subaquatiquedunois.fr\/sd\/wp-content\/uploads\/2023\/03\/handisub02-48x10.png 48w\" sizes=\"auto, (max-width: 438px) 100vw, 438px\" \/><\/figure>\n<\/div>\n\n\n\n<div class=\"wp-block-uagb-container uagb-block-02782718\">\n<figure class=\"wp-block-image aligncenter size-full\"><img loading=\"lazy\" decoding=\"async\" width=\"440\" height=\"295\" src=\"http:\/\/subaquatiquedunois.fr\/sd\/wp-content\/uploads\/2023\/03\/handisub03.png\" alt=\"\" class=\"wp-image-1512\" srcset=\"http:\/\/subaquatiquedunois.fr\/sd\/wp-content\/uploads\/2023\/03\/handisub03.png 440w, http:\/\/subaquatiquedunois.fr\/sd\/wp-content\/uploads\/2023\/03\/handisub03-300x201.png 300w, http:\/\/subaquatiquedunois.fr\/sd\/wp-content\/uploads\/2023\/03\/handisub03-24x16.png 24w, http:\/\/subaquatiquedunois.fr\/sd\/wp-content\/uploads\/2023\/03\/handisub03-36x24.png 36w, http:\/\/subaquatiquedunois.fr\/sd\/wp-content\/uploads\/2023\/03\/handisub03-48x32.png 48w\" sizes=\"auto, (max-width: 440px) 100vw, 440px\" \/><\/figure>\n<\/div>\n<\/div><\/div>\n\n\n\n<p>Gr\u00e2ce \u00e0 des parcours adapt\u00e9s en milieu prot\u00e9g\u00e9, dans notre piscine ou en milieu naturel, et \u00e0 une \u00e9quipe de moniteurs qualifi\u00e9s, notre club accueille les personnes en situation de handicap, pour une s\u00e9ance de d\u00e9couverte sous la forme d\u2019un bapt\u00eame de plong\u00e9e ou pour un cursus de formation.<br><\/p>\n\n\n\n<p>Quelle que soit la situation de handicap rencontr\u00e9e<strong>\u00a0moteur<\/strong>,<strong> sensoriel<\/strong>,<strong> mental<\/strong>,<strong> psychique<\/strong>,<strong> cognitif,<\/strong> toute personne est consid\u00e9r\u00e9e apte \u00e0 plonger pour peu qu\u2019elle produise un<strong> certificat m\u00e9dical d\u2019absence de contre-indication \u00e0 l&#8217;activit\u00e9 subaquatique, <span style=\"text-decoration: underline;\">y compris pour faire un bapt\u00eame<\/span>.<\/strong><br><\/p>\n\n\n\n<figure class=\"wp-block-image aligncenter size-full\"><img loading=\"lazy\" decoding=\"async\" width=\"279\" height=\"322\" src=\"http:\/\/subaquatiquedunois.fr\/sd\/wp-content\/uploads\/2023\/03\/handisub05.png\" alt=\"\" class=\"wp-image-1514\" srcset=\"http:\/\/subaquatiquedunois.fr\/sd\/wp-content\/uploads\/2023\/03\/handisub05.png 279w, http:\/\/subaquatiquedunois.fr\/sd\/wp-content\/uploads\/2023\/03\/handisub05-260x300.png 260w, http:\/\/subaquatiquedunois.fr\/sd\/wp-content\/uploads\/2023\/03\/handisub05-21x24.png 21w, http:\/\/subaquatiquedunois.fr\/sd\/wp-content\/uploads\/2023\/03\/handisub05-31x36.png 31w, http:\/\/subaquatiquedunois.fr\/sd\/wp-content\/uploads\/2023\/03\/handisub05-42x48.png 42w\" sizes=\"auto, (max-width: 279px) 100vw, 279px\" \/><\/figure>\n\n\n\n<h2 class=\"has-text-align-center wp-block-heading\">Le bien-\u00eatre physique et mental est au rendez-vous <br>et les sourires en disent plus que de longs discours&nbsp;!<\/h2>\n\n\n<style>#rpg-1518 .img-slider-item .caption { background-color: #ffffff;  }#rpg-1518 .img-slider-item .figc {color:#ffffff;}#rpg-1518 .rpg-title {  font-size: 18px; }#rpg-1518 { width:100%;}#rpg-1518  p.description { color:#ffffff;font-size:14px; }#rpg-1518  .rpg-title { color:#ffffff; }<\/style>\n\r\n\r\n\r\n\r\n<div id=\"rpg-1518\" class=\"img-slider image-slider \" style=\"margin: 50px auto;\" data-config=\"{&quot;columns&quot;:12,&quot;gutter&quot;:8}\">\r\n\r\n\r\n\r\n<style type=\"text\/css\">\r\n\r\n\t \/*custom css for full-width*\/\r\n    \/*.post-inner {\r\n      padding-top: 0rem; \r\n    }\r\n\r\n    body.template-full-width .entry-content > *:not(.alignwide):not(.alignfull):not(.alignleft):not(.alignright):not(.is-style-wide), body.template-full-width [class*=\"__inner-container\"] > *:not(.alignwide):not(.alignfull):not(.alignleft):not(.alignright):not(.is-style-wide)\r\n    {\r\n      max-width: max-content;\r\n    }*\/\r\n\r\n\t.carousel-inner img {\r\n      width: 100%;\r\n      height: 100% !important;\r\n \t}\r\n\r\n\t.img-slider-carousel-caption {\r\n\t     bottom: 50px !important; \r\n\t}\r\n \r\n\t #img-slider-demo h5{\r\n\t  margin: 12px;\r\n\t } \r\n\r\n\t #img-slider-demo .carousel-indicators{\r\n\t    position:absolute;\r\n\t    bottom:10px;\r\n\t    left:50%;\r\n\t    z-index:15;\r\n\t    width:60%;\r\n\t    padding-left:0;\r\n\t    margin-left:-30%;\r\n\t    text-align:center;\r\n\t    list-style:none\r\n\t}\r\n\t#img-slider-demo .carousel-indicators li{\r\n\t   \/* display:inline-block;\r\n\t    width:10px;\r\n\t    height:10px;\r\n\t    margin:1px;\r\n\t    text-indent:-999px;\r\n\t    cursor:pointer;\r\n\t    background-color:#000\\9;\r\n\t    background-color:rgba(0,0,0,0);\r\n\t    border:1px solid #fff;\r\n\t    border-radius:10px;*\/\r\n\r\n\t    display:inline-block;\r\n\t    position: relative;\r\n\t    width: 30px;\r\n\t    height: 10px;\r\n\t    background-color: #fff;\r\n\t    border-radius: 10px;\r\n\t    margin:0px 3px !important;\r\n\t}\r\n\t#img-slider-demo .carousel-indicators .active{\r\n\t\t\/*width:12px;\r\n\t\theight:12px;*\/\r\n\t\t\/*margin:0;*\/\r\n\t\tbackground-color:#43baff !important;\r\n\r\n\t\twidth: 30px;\r\n\t    height: 10px;\r\n\t}\r\n\r\n\r\n    .img-slider-swiper-button-prev {\r\n        position: relative;\r\n        width: auto;\r\n        height: auto;\r\n        padding: 5px 20px;\r\n        background: transparent; \r\n        border-radius: 0%; \r\n        background-position: -82px -22px;\r\n        cursor: pointer;\r\n        top: 45%;\r\n        left: 30px;\r\n        margin-top: -25px;\r\n        position: absolute;\r\n        z-index: 110;\r\n    }\r\n\r\n    .img-slider-swiper-button-next {\r\n        position: relative;\r\n        right: 30px;\r\n        left: auto;\r\n        background-position: -81px -99px;\r\n        padding: 5px 20px;\r\n        width: auto;\r\n        height: auto;\r\n        background: transparent; \r\n        border-radius: 0%;\r\n        cursor: pointer;\r\n        top: 45%;\r\n        margin-top: -25px;\r\n        position: absolute;\r\n        z-index: 110;\r\n    }\r\n\r\n    #img-slider-demo .carousel-item:after{\r\n    \tbackground: none !important;\r\n    }\r\n\r\n    .img-slider-swiper-button-next:after, .img-slider-swiper-button-prev:after{\r\n        font-size: 32px; \r\n        font-weight: bold;\r\n        color: #107eb6;  \r\n    }\r\n\r\n    .img-slider-swiper-button-prev:hover,\r\n    .img-slider-swiper-button-next:hover {\r\n        background: #107eb6;\r\n    }\r\n\r\n    .carousel-control-prev:hover .img-slider-swiper-button-prev:after,\r\n    .carousel-control-next:hover .img-slider-swiper-button-next:after{\r\n        color: #fff;\r\n    }\r\n\r\n<\/style>\r\n\r\n\t\t\t\t\t\r\n\t\r\n\t\t\t\t\t\r\n\t\r\n\t\t\t\t\t\r\n\t\r\n\t\t\t\t\t\r\n\t\r\n\t\t\t\t\t\r\n\t\r\n\t\t\t\t\t\r\n\t\r\n\r\n\r\n  \r\n \r\n\r\n<div id=\"img-slider-demo\" class=\"carousel slide\" data-ride=\"carousel\" data-interval=\"3000\">\r\n\t  <!-- Indicators -->\r\n\t\t\t\t  <ul class=\"carousel-indicators\">\r\n\t\t    <li data-target=\"#img-slider-demo\" data-slide-to=\"0\" class=\"active\"><\/li>\r\n\t\t    \t\t    \t<li data-target=\"#img-slider-demo\" data-slide-to=\"1\"><\/li>\r\n\t\t    \t\t    \t<li data-target=\"#img-slider-demo\" data-slide-to=\"2\"><\/li>\r\n\t\t    \t\t    \t<li data-target=\"#img-slider-demo\" data-slide-to=\"3\"><\/li>\r\n\t\t    \t\t    \t<li data-target=\"#img-slider-demo\" data-slide-to=\"4\"><\/li>\r\n\t\t    \t\t    \t<li data-target=\"#img-slider-demo\" data-slide-to=\"5\"><\/li>\r\n\t\t     \r\n\t\t  <\/ul>\r\n\t\t\r\n\t  <div class=\"carousel-inner\">\r\n\t    \r\n\r\n\t    <!-- ========================================================================== -->\r\n\t    \t\t\t\t\t\t\t\t\t\t\t\t<div class=\"carousel-item active\">\r\n\t\t\t\t\t\t      <img decoding=\"async\" src=\"http:\/\/subaquatiquedunois.fr\/sd\/wp-content\/uploads\/2023\/03\/handisub06.png\" >\r\n\t\t\t\t\t\t\t\t<div class=\"img-slider-carousel-caption d-none d-md-block\">\r\n\t\t\t\t\t\t\t\t\t\t                                    <h5 style=\"font-family: Arial;\r\n\t                                    \r\n\t                                    \"><span style=\"\r\n\t                                    font-size: 18px;\r\n\t                                    color: #ffffff;\r\n\t                                    background-color: ;\r\n\t                                    \t\t\t   padding: 5px;\r\n\t                                    \t\t\t   border-radius: 3px;\r\n\t                                    \"><\/span><\/h5>\r\n\t                                \r\n\t                                \t\t\t\t\t\t\t\t\t\t<p style=\"font-family: Arial;\r\n\t                                   \r\n\t\t\t\t\t\t\t\t\t\t\">\r\n\t\t\t\t\t\t\t\t\t\t<span style=\"line-height: normal;\r\n\t\t\t\t\t\t\t\t\t\tfont-size: 14px;\r\n\t\t\t\t\t\t\t\t\t\tcolor: #ffffff;\r\n\t\t\t\t\t\t\t\t\t\tbackground-color: ;\r\n\t\t\t\t\t\t\t\t\t\t\t\t\t padding: 5px;\r\n\t\t\t\t\t\t\t\t\t\t\t\t\t border-radius: 3px;\r\n\t\t\t\t\t\t\t\t\t\t\"><\/span><\/p>\r\n\t\t\t\t\t\t\t\t\t\t\t\t\t\t\t  \t\t<\/div>\r\n\t\t\t\t\t\t    <\/div>\r\n\t\t\t\t\t\t\t\t\r\n\t\t\t\t\r\n\t\t\t\t\t\t\r\n\t\t\t\t\t    \r\n\r\n\t\t\t\t\t\t\t\t\t\t\t\t\t\t\t<div class=\"carousel-item\">\r\n\t\t\t\t\t\t      <img decoding=\"async\" src=\"http:\/\/subaquatiquedunois.fr\/sd\/wp-content\/uploads\/2023\/03\/handisub07.png\" >\r\n\t\t\t\t\t\t      <div class=\"img-slider-carousel-caption d-none d-md-block\">\r\n\t\t\t\t\t\t\t\t    \r\n\t                                \t\t\t\t\t\t  \t\t<\/div>\r\n\t\t\t\t\t\t    <\/div>\r\n\t\t\t\t\t\t\t\t\r\n\t\t\t\t\r\n\t\t\t\t\t\t\r\n\t\t\t\t\t    \r\n\r\n\t\t\t\t\t\t\t\t\t\t\t\t\t\t\t<div class=\"carousel-item\">\r\n\t\t\t\t\t\t      <img decoding=\"async\" src=\"http:\/\/subaquatiquedunois.fr\/sd\/wp-content\/uploads\/2023\/03\/handisub03.png\" >\r\n\t\t\t\t\t\t      <div class=\"img-slider-carousel-caption d-none d-md-block\">\r\n\t\t\t\t\t\t\t\t    \r\n\t                                \t\t\t\t\t\t  \t\t<\/div>\r\n\t\t\t\t\t\t    <\/div>\r\n\t\t\t\t\t\t\t\t\r\n\t\t\t\t\r\n\t\t\t\t\t\t\r\n\t\t\t\t\t    \r\n\r\n\t\t\t\t\t\t\t\t\t\t\t\t\t\t\t<div class=\"carousel-item\">\r\n\t\t\t\t\t\t      <img decoding=\"async\" src=\"http:\/\/subaquatiquedunois.fr\/sd\/wp-content\/uploads\/2023\/03\/handisub04.png\" >\r\n\t\t\t\t\t\t      <div class=\"img-slider-carousel-caption d-none d-md-block\">\r\n\t\t\t\t\t\t\t\t    \r\n\t                                \t\t\t\t\t\t  \t\t<\/div>\r\n\t\t\t\t\t\t    <\/div>\r\n\t\t\t\t\t\t\t\t\r\n\t\t\t\t\r\n\t\t\t\t\t\t\r\n\t\t\t\t\t    \r\n\r\n\t\t\t\t\t\t\t\t\t\t\t\t\t\t\t<div class=\"carousel-item\">\r\n\t\t\t\t\t\t      <img decoding=\"async\" src=\"http:\/\/subaquatiquedunois.fr\/sd\/wp-content\/uploads\/2023\/03\/handisub08.png\" >\r\n\t\t\t\t\t\t      <div class=\"img-slider-carousel-caption d-none d-md-block\">\r\n\t\t\t\t\t\t\t\t    \r\n\t                                \t\t\t\t\t\t  \t\t<\/div>\r\n\t\t\t\t\t\t    <\/div>\r\n\t\t\t\t\t\t\t\t\r\n\t\t\t\t\r\n\t\t\t\t\t\t\r\n\t\t\t\t\t    \r\n\r\n\t\t\t\t\t\t\t\t\t\t\t\t\t\t\t<div class=\"carousel-item\">\r\n\t\t\t\t\t\t      <img decoding=\"async\" src=\"http:\/\/subaquatiquedunois.fr\/sd\/wp-content\/uploads\/2023\/03\/handisub09.png\" >\r\n\t\t\t\t\t\t      <div class=\"img-slider-carousel-caption d-none d-md-block\">\r\n\t\t\t\t\t\t\t\t    \r\n\t                                \t\t\t\t\t\t  \t\t<\/div>\r\n\t\t\t\t\t\t    <\/div>\r\n\t\t\t\t\t\t\t\t\r\n\t\t\t\t\r\n\t\t\t\t\t\t\r\n\t\t\t\t\t    \r\n\r\n\t\t\t\r\n\t    <!-- ========================================================================== -->\r\n\r\n\t    \r\n\t  <\/div>\r\n\t  \r\n\r\n\t<!-- Left and right controls -->\r\n\t\t  <a class=\"carousel-control-prev\" href=\"#img-slider-demo\" data-slide=\"prev\">\r\n\t    <span class=\"img-slider-swiper-button-prev\"><\/span>\r\n\t  <\/a>\r\n\t  <a class=\"carousel-control-next\" href=\"#img-slider-demo\" data-slide=\"next\">\r\n\t    <span class=\"img-slider-swiper-button-next\"><\/span>\r\n\t  <\/a>\r\n\t<\/div><!-- img-slider-demo -->\r\n\r\n<script type=\"text\/javascript\">\r\n\t\/*$('#carousel').carousel({\r\n\t  data-interval=\"1000\"\r\n\t});*\/\r\n\r\n\t\/*var auto_play = '<php echo $auto_play; ?>';\r\n\tauto_play = (auto_play==1) ? true : false;\r\n\r\n\r\n\tif(auto_play==false){\r\n\tconsole.log(auto_play);\r\n\t\tjQuery(window).load(function() {\r\n\r\n\t    \tjQuery('.carousel').carousel('pause');\r\n\t \r\n\t\t});\r\n\t}*\/\r\n<\/script>\r\n<\/div>\r\n\r\n\r\n\r\n\r\n\r\n\t\r\n\r\n\n\n\n\n<p><\/p>\n\n\n\n\t\t\t<div class=\"wp-block-uagb-post-grid uagb-post-grid  uagb-post__image-position-top uagb-post__image-enabled uagb-block-6e00c0d0     uagb-post__items uagb-post__columns-3 is-grid uagb-post__columns-tablet-2 uagb-post__columns-mobile-1 uagb-equal_height_inline-read-more-buttons\" data-total=\"1\" style=\"\">\n\n\t\t\t\t\t\t\t\t\t\t\t\t<article class=\"uagb-post__inner-wrap\">\t\t\t\t\t\t\t\t<div class='uagb-post__image'>\n\t\t\t\t\t\t\t\t\t<a href=\"http:\/\/subaquatiquedunois.fr\/sd\/art-2292\/\" target=\"_self\" rel=\"bookmark noopener noreferrer\" class='uagb-image-ratio-2-3'><img loading=\"lazy\" decoding=\"async\" width=\"300\" height=\"300\" src=\"http:\/\/subaquatiquedunois.fr\/sd\/wp-content\/uploads\/sd-forms\/main_image_2292.jpg\" class=\"attachment-medium size-medium\" alt=\"\" \/>\t\t\t\t\t<\/a>\n\t\t\t\t\t\t\t<\/div>\n\t\t\t\t\t\t<h3 class=\"uagb-post__title uagb-post__text\">\n\t\t\t\t<a href=\"http:\/\/subaquatiquedunois.fr\/sd\/art-2292\/\" target=\"_self\" rel=\"bookmark noopener noreferrer\">Activit\u00e9 Physique Adapt\u00e9e<\/a>\n\t\t\t<\/h3>\n\t\t\t\t\t\t<div class='uagb-post__text uagb-post-grid-byline'>\n\t\t\t\t\t\t\t<\/div>\n\t\t\t\t\t\t<div class=\"uagb-post__text uagb-post__cta wp-block-button\">\n\t\t\t\t<a class=\"wp-block-button__link uagb-text-link\" style=\"\" href=\"http:\/\/subaquatiquedunois.fr\/sd\/art-2292\/\" target=\"_self\" rel=\"bookmark noopener noreferrer\">Lire la suite<\/a>\n\t\t\t<\/div>\n\t\t\t\n\t\t\t\t\t\t\t\t\t<\/article>\n\t\t\t\t\t\t\t\t\t\t\t\t\t\t\t\t<article class=\"uagb-post__inner-wrap\">\t\t\t\t\t\t\t\t<div class='uagb-post__image'>\n\t\t\t\t\t\t\t\t\t<a href=\"http:\/\/subaquatiquedunois.fr\/sd\/le-loir-malgre-le-handicap\/\" target=\"_self\" rel=\"bookmark noopener noreferrer\" class='uagb-image-ratio-2-3'><img loading=\"lazy\" decoding=\"async\" width=\"300\" height=\"155\" src=\"http:\/\/subaquatiquedunois.fr\/sd\/wp-content\/uploads\/2023\/08\/Capture-n\u00b0000257-300x155.jpg\" class=\"attachment-medium size-medium\" alt=\"\" srcset=\"http:\/\/subaquatiquedunois.fr\/sd\/wp-content\/uploads\/2023\/08\/Capture-n\u00b0000257-300x155.jpg 300w, http:\/\/subaquatiquedunois.fr\/sd\/wp-content\/uploads\/2023\/08\/Capture-n\u00b0000257-1024x529.jpg 1024w, http:\/\/subaquatiquedunois.fr\/sd\/wp-content\/uploads\/2023\/08\/Capture-n\u00b0000257-768x397.jpg 768w, http:\/\/subaquatiquedunois.fr\/sd\/wp-content\/uploads\/2023\/08\/Capture-n\u00b0000257-1536x793.jpg 1536w, http:\/\/subaquatiquedunois.fr\/sd\/wp-content\/uploads\/2023\/08\/Capture-n\u00b0000257-24x12.jpg 24w, http:\/\/subaquatiquedunois.fr\/sd\/wp-content\/uploads\/2023\/08\/Capture-n\u00b0000257-36x19.jpg 36w, http:\/\/subaquatiquedunois.fr\/sd\/wp-content\/uploads\/2023\/08\/Capture-n\u00b0000257-48x25.jpg 48w, http:\/\/subaquatiquedunois.fr\/sd\/wp-content\/uploads\/2023\/08\/Capture-n\u00b0000257.jpg 1745w\" sizes=\"auto, (max-width: 300px) 100vw, 300px\" \/>\t\t\t\t\t<\/a>\n\t\t\t\t\t\t\t<\/div>\n\t\t\t\t\t\t<h3 class=\"uagb-post__title uagb-post__text\">\n\t\t\t\t<a href=\"http:\/\/subaquatiquedunois.fr\/sd\/le-loir-malgre-le-handicap\/\" target=\"_self\" rel=\"bookmark noopener noreferrer\">Le Loir malgr\u00e9 le handicap<\/a>\n\t\t\t<\/h3>\n\t\t\t\t\t\t<div class='uagb-post__text uagb-post-grid-byline'>\n\t\t\t\t\t\t\t<\/div>\n\t\t\t\t\t\t<div class=\"uagb-post__text uagb-post__cta wp-block-button\">\n\t\t\t\t<a class=\"wp-block-button__link uagb-text-link\" style=\"\" href=\"http:\/\/subaquatiquedunois.fr\/sd\/le-loir-malgre-le-handicap\/\" target=\"_self\" rel=\"bookmark noopener noreferrer\">Lire la suite<\/a>\n\t\t\t<\/div>\n\t\t\t\n\t\t\t\t\t\t\t\t\t<\/article>\n\t\t\t\t\t\t\t\t\t\t\t\t\t\t\t\t<article class=\"uagb-post__inner-wrap\">\t\t\t\t\t\t\t\t<div class='uagb-post__image'>\n\t\t\t\t\t\t\t\t\t<a href=\"http:\/\/subaquatiquedunois.fr\/sd\/formation-mpc\/\" target=\"_self\" rel=\"bookmark noopener noreferrer\" class='uagb-image-ratio-2-3'><img loading=\"lazy\" decoding=\"async\" width=\"300\" height=\"245\" src=\"http:\/\/subaquatiquedunois.fr\/sd\/wp-content\/uploads\/2023\/02\/Handisub-20230222-300x245.jpeg\" class=\"attachment-medium size-medium\" alt=\"\" srcset=\"http:\/\/subaquatiquedunois.fr\/sd\/wp-content\/uploads\/2023\/02\/Handisub-20230222-300x245.jpeg 300w, http:\/\/subaquatiquedunois.fr\/sd\/wp-content\/uploads\/2023\/02\/Handisub-20230222-768x626.jpeg 768w, http:\/\/subaquatiquedunois.fr\/sd\/wp-content\/uploads\/2023\/02\/Handisub-20230222-24x20.jpeg 24w, http:\/\/subaquatiquedunois.fr\/sd\/wp-content\/uploads\/2023\/02\/Handisub-20230222-36x29.jpeg 36w, http:\/\/subaquatiquedunois.fr\/sd\/wp-content\/uploads\/2023\/02\/Handisub-20230222-48x39.jpeg 48w, http:\/\/subaquatiquedunois.fr\/sd\/wp-content\/uploads\/2023\/02\/Handisub-20230222.jpeg 1024w\" sizes=\"auto, (max-width: 300px) 100vw, 300px\" \/>\t\t\t\t\t<\/a>\n\t\t\t\t\t\t\t<\/div>\n\t\t\t\t\t\t<h3 class=\"uagb-post__title uagb-post__text\">\n\t\t\t\t<a href=\"http:\/\/subaquatiquedunois.fr\/sd\/formation-mpc\/\" target=\"_self\" rel=\"bookmark noopener noreferrer\">Formation MPC<\/a>\n\t\t\t<\/h3>\n\t\t\t\t\t\t<div class='uagb-post__text uagb-post-grid-byline'>\n\t\t\t\t\t\t\t<\/div>\n\t\t\t\t\t\t<div class=\"uagb-post__text uagb-post__cta wp-block-button\">\n\t\t\t\t<a class=\"wp-block-button__link uagb-text-link\" style=\"\" href=\"http:\/\/subaquatiquedunois.fr\/sd\/formation-mpc\/\" target=\"_self\" rel=\"bookmark noopener noreferrer\">Lire la suite<\/a>\n\t\t\t<\/div>\n\t\t\t\n\t\t\t\t\t\t\t\t\t<\/article>\n\t\t\t\t\t\t\t\t\t\t\t<\/div>\n\t\t\t","protected":false},"excerpt":{"rendered":"<p>La plong\u00e9e, une exp\u00e9rience Les personnes en situation de handicap peuvent d\u00e9couvrir de nouvelles sensations et plaisirs dans l\u2019eau. Le silence, le corps en sensation d\u2019apesanteur, la respiration qui devient lente et profonde participent pleinement \u00e0 cette exp\u00e9rience o\u00f9 l\u2019homme ne fait qu\u2019un avec l\u2019eau. L&#8217;acc\u00e8s \u00e0 l&#8217;univers aquatique et la micro pesanteur qu&#8217;il apporte &hellip;<\/p>\n<p class=\"read-more\"> <a class=\"\" href=\"http:\/\/subaquatiquedunois.fr\/sd\/nos-activites\/handisub\/\"> <span class=\"screen-reader-text\">Handisub<\/span> Lire la suite\u00a0\u00bb<\/a><\/p>\n","protected":false},"author":1,"featured_media":1201,"parent":77,"menu_order":7,"comment_status":"closed","ping_status":"closed","template":"","meta":{"_seopress_robots_primary_cat":"","_seopress_titles_title":"","_seopress_titles_desc":"","_seopress_robots_index":"","_uag_custom_page_level_css":"","site-sidebar-layout":"default","site-content-layout":"default","ast-global-header-display":"","ast-main-header-display":"","ast-hfb-above-header-display":"","ast-hfb-below-header-display":"","ast-hfb-mobile-header-display":"","site-post-title":"","ast-breadcrumbs-content":"","ast-featured-img":"","footer-sml-layout":"","theme-transparent-header-meta":"","adv-header-id-meta":"","stick-header-meta":"","header-above-stick-meta":"","header-main-stick-meta":"","header-below-stick-meta":"","footnotes":""},"folder":[11],"class_list":["post-1197","page","type-page","status-publish","has-post-thumbnail","hentry"],"uagb_featured_image_src":{"full":["http:\/\/subaquatiquedunois.fr\/sd\/wp-content\/uploads\/2023\/02\/handisub02.jpg",1024,320,false],"thumbnail":["http:\/\/subaquatiquedunois.fr\/sd\/wp-content\/uploads\/2023\/02\/handisub02-150x150.jpg",150,150,true],"medium":["http:\/\/subaquatiquedunois.fr\/sd\/wp-content\/uploads\/2023\/02\/handisub02-300x94.jpg",300,94,true],"medium_large":["http:\/\/subaquatiquedunois.fr\/sd\/wp-content\/uploads\/2023\/02\/handisub02-768x240.jpg",768,240,true],"large":["http:\/\/subaquatiquedunois.fr\/sd\/wp-content\/uploads\/2023\/02\/handisub02.jpg",1024,320,false],"rpg_image_slider":["http:\/\/subaquatiquedunois.fr\/sd\/wp-content\/uploads\/2023\/02\/handisub02.jpg",1024,320,false],"rpg_image_thumbnail":["http:\/\/subaquatiquedunois.fr\/sd\/wp-content\/uploads\/2023\/02\/handisub02-900x320.jpg",900,320,true],"1536x1536":["http:\/\/subaquatiquedunois.fr\/sd\/wp-content\/uploads\/2023\/02\/handisub02.jpg",1024,320,false],"2048x2048":["http:\/\/subaquatiquedunois.fr\/sd\/wp-content\/uploads\/2023\/02\/handisub02.jpg",1024,320,false],"menu-24x24":["http:\/\/subaquatiquedunois.fr\/sd\/wp-content\/uploads\/2023\/02\/handisub02-24x8.jpg",24,8,true],"menu-36x36":["http:\/\/subaquatiquedunois.fr\/sd\/wp-content\/uploads\/2023\/02\/handisub02-36x11.jpg",36,11,true],"menu-48x48":["http:\/\/subaquatiquedunois.fr\/sd\/wp-content\/uploads\/2023\/02\/handisub02-48x15.jpg",48,15,true]},"uagb_author_info":{"display_name":"administrateur","author_link":"http:\/\/subaquatiquedunois.fr\/sd\/author\/administrateur\/"},"uagb_comment_info":0,"uagb_excerpt":"La plong\u00e9e, une exp\u00e9rience Les personnes en situation de handicap peuvent d\u00e9couvrir de nouvelles sensations et plaisirs dans l\u2019eau. Le silence, le corps en sensation d\u2019apesanteur, la respiration qui devient lente et profonde participent pleinement \u00e0 cette exp\u00e9rience o\u00f9 l\u2019homme ne fait qu\u2019un avec l\u2019eau. L&#8217;acc\u00e8s \u00e0 l&#8217;univers aquatique et la micro pesanteur qu&#8217;il apporte\u2026","_links":{"self":[{"href":"http:\/\/subaquatiquedunois.fr\/sd\/wp-json\/wp\/v2\/pages\/1197","targetHints":{"allow":["GET"]}}],"collection":[{"href":"http:\/\/subaquatiquedunois.fr\/sd\/wp-json\/wp\/v2\/pages"}],"about":[{"href":"http:\/\/subaquatiquedunois.fr\/sd\/wp-json\/wp\/v2\/types\/page"}],"author":[{"embeddable":true,"href":"http:\/\/subaquatiquedunois.fr\/sd\/wp-json\/wp\/v2\/users\/1"}],"replies":[{"embeddable":true,"href":"http:\/\/subaquatiquedunois.fr\/sd\/wp-json\/wp\/v2\/comments?post=1197"}],"version-history":[{"count":7,"href":"http:\/\/subaquatiquedunois.fr\/sd\/wp-json\/wp\/v2\/pages\/1197\/revisions"}],"predecessor-version":[{"id":1537,"href":"http:\/\/subaquatiquedunois.fr\/sd\/wp-json\/wp\/v2\/pages\/1197\/revisions\/1537"}],"up":[{"embeddable":true,"href":"http:\/\/subaquatiquedunois.fr\/sd\/wp-json\/wp\/v2\/pages\/77"}],"wp:featuredmedia":[{"embeddable":true,"href":"http:\/\/subaquatiquedunois.fr\/sd\/wp-json\/wp\/v2\/media\/1201"}],"wp:attachment":[{"href":"http:\/\/subaquatiquedunois.fr\/sd\/wp-json\/wp\/v2\/media?parent=1197"}],"wp:term":[{"taxonomy":"folder","embeddable":true,"href":"http:\/\/subaquatiquedunois.fr\/sd\/wp-json\/wp\/v2\/folder?post=1197"}],"curies":[{"name":"wp","href":"https:\/\/api.w.org\/{rel}","templated":true}]}}