{"id":2148,"date":"2023-02-11T12:24:02","date_gmt":"2023-02-11T11:24:02","guid":{"rendered":"http:\/\/subaquatiquedunois.fr\/sd\/accueil\/lassociation\/archives-2\/"},"modified":"2025-05-05T08:57:26","modified_gmt":"2025-05-05T06:57:26","slug":"championnat","status":"publish","type":"page","link":"http:\/\/subaquatiquedunois.fr\/sd\/nos-activites\/nage-en-eau-vive\/championnat\/","title":{"rendered":"Championnat de France de Course en Ligne"},"content":{"rendered":"\n<h2 class=\"wp-block-heading\">R\u00e9sultats :<\/h2>\n\n\n\n<figure class=\"wp-block-image size-large\"><img loading=\"lazy\" decoding=\"async\" width=\"1024\" height=\"683\" src=\"http:\/\/subaquatiquedunois.fr\/sd\/wp-content\/uploads\/2024\/04\/E3A8106-1024x683.jpg\" alt=\"\" class=\"wp-image-2209\" srcset=\"http:\/\/subaquatiquedunois.fr\/sd\/wp-content\/uploads\/2024\/04\/E3A8106-1024x683.jpg 1024w, http:\/\/subaquatiquedunois.fr\/sd\/wp-content\/uploads\/2024\/04\/E3A8106-300x200.jpg 300w, http:\/\/subaquatiquedunois.fr\/sd\/wp-content\/uploads\/2024\/04\/E3A8106-768x512.jpg 768w, http:\/\/subaquatiquedunois.fr\/sd\/wp-content\/uploads\/2024\/04\/E3A8106-1536x1024.jpg 1536w, http:\/\/subaquatiquedunois.fr\/sd\/wp-content\/uploads\/2024\/04\/E3A8106-2048x1365.jpg 2048w, http:\/\/subaquatiquedunois.fr\/sd\/wp-content\/uploads\/2024\/04\/E3A8106-24x16.jpg 24w, http:\/\/subaquatiquedunois.fr\/sd\/wp-content\/uploads\/2024\/04\/E3A8106-36x24.jpg 36w, http:\/\/subaquatiquedunois.fr\/sd\/wp-content\/uploads\/2024\/04\/E3A8106-48x32.jpg 48w\" sizes=\"auto, (max-width: 1024px) 100vw, 1024px\" \/><\/figure>\n\n\n\n<div data-wp-interactive=\"core\/file\" class=\"wp-block-file\"><object data-wp-bind--hidden=\"!state.hasPdfPreview\" hidden class=\"wp-block-file__embed\" data=\"http:\/\/subaquatiquedunois.fr\/sd\/wp-content\/uploads\/2024\/04\/PROTOCOLE-COMPLET-Championnat-de-France-Course-en-ligne.pdf\" type=\"application\/pdf\" style=\"width:100%;height:600px\" aria-label=\"Contenu embarqu\u00e9 PROTOCOLE-COMPLET-Championnat-de-France-Course-en-ligne.\"><\/object><a id=\"wp-block-file--media-0a2a2158-b474-4feb-a56a-ef5affc68b04\" href=\"http:\/\/subaquatiquedunois.fr\/sd\/wp-content\/uploads\/2024\/04\/PROTOCOLE-COMPLET-Championnat-de-France-Course-en-ligne.pdf\" target=\"_blank\" rel=\"noreferrer noopener\">PROTOCOLE-COMPLET-Championnat-de-France-Course-en-ligne<\/a><a href=\"http:\/\/subaquatiquedunois.fr\/sd\/wp-content\/uploads\/2024\/04\/PROTOCOLE-COMPLET-Championnat-de-France-Course-en-ligne.pdf\" class=\"wp-block-file__button wp-element-button\" download aria-describedby=\"wp-block-file--media-0a2a2158-b474-4feb-a56a-ef5affc68b04\">T\u00e9l\u00e9charger<\/a><\/div>\n\n\n\n<h2 class=\"wp-block-heading\">Toutes les photos :<\/h2>\n\n\n\n<p>Consulter toutes les photos de l\u2019\u00e9v\u00e8nement en cliquant <a href=\"https:\/\/drive.google.com\/drive\/folders\/1wGijuvRZQCdROPonPL5JJ371Y0gNato-\" target=\"_blank\" rel=\"noreferrer noopener\">ICI<\/a><\/p>\n\n\n\n<h2 class=\"wp-block-heading\">Nageurs s\u00e9lectionn\u00e9s :<\/h2>\n\n\n\n<div class=\"wp-block-file\"><a id=\"wp-block-file--media-cb691a1f-ba8c-45aa-994b-bdc29da70431\" href=\"http:\/\/subaquatiquedunois.fr\/sd\/wp-content\/uploads\/2024\/03\/Nageurs-selectionnables-pour-le-championnat-de-France-2024-de-course-en-ligne.pdf\" target=\"_blank\" rel=\"noreferrer noopener\">Nageurs-selectionnables-pour-le-championnat-de-France-2024-de-course-en-ligne<\/a><a href=\"http:\/\/subaquatiquedunois.fr\/sd\/wp-content\/uploads\/2024\/03\/Nageurs-selectionnables-pour-le-championnat-de-France-2024-de-course-en-ligne.pdf\" class=\"wp-block-file__button wp-element-button\" download aria-describedby=\"wp-block-file--media-cb691a1f-ba8c-45aa-994b-bdc29da70431\">T\u00e9l\u00e9charger<\/a><\/div>\n\n\n\n<h2 class=\"wp-block-heading\">Dossier d&#8217;organisation :<\/h2>\n\n\n\n<div data-wp-interactive=\"core\/file\" class=\"wp-block-file\"><object data-wp-bind--hidden=\"!state.hasPdfPreview\" hidden class=\"wp-block-file__embed\" data=\"http:\/\/subaquatiquedunois.fr\/sd\/wp-content\/uploads\/2024\/03\/Dossier-dorganisation-championnat-de-France-2024-de-course-en-ligne-.pdf\" type=\"application\/pdf\" style=\"width:100%;height:600px\" aria-label=\"Contenu embarqu\u00e9 Dossier-dorganisation-championnat-de-France-2024-de-course-en-ligne-.\"><\/object><a id=\"wp-block-file--media-6526b1db-1505-45a8-bf08-2662064edb26\" href=\"http:\/\/subaquatiquedunois.fr\/sd\/wp-content\/uploads\/2024\/03\/Dossier-dorganisation-championnat-de-France-2024-de-course-en-ligne-.pdf\" target=\"_blank\" rel=\"noreferrer noopener\">Dossier-dorganisation-championnat-de-France-2024-de-course-en-ligne-<\/a><a href=\"http:\/\/subaquatiquedunois.fr\/sd\/wp-content\/uploads\/2024\/03\/Dossier-dorganisation-championnat-de-France-2024-de-course-en-ligne-.pdf\" class=\"wp-block-file__button wp-element-button\" download aria-describedby=\"wp-block-file--media-6526b1db-1505-45a8-bf08-2662064edb26\">T\u00e9l\u00e9charger<\/a><\/div>\n","protected":false},"excerpt":{"rendered":"<p>R\u00e9sultats : Toutes les photos : Consulter toutes les photos de l\u2019\u00e9v\u00e8nement en cliquant ICI Nageurs s\u00e9lectionn\u00e9s : Dossier d&#8217;organisation :<\/p>\n","protected":false},"author":1,"featured_media":0,"parent":291,"menu_order":0,"comment_status":"closed","ping_status":"closed","template":"","meta":{"_seopress_robots_primary_cat":"","_seopress_titles_title":"","_seopress_titles_desc":"","_seopress_robots_index":"","_uag_custom_page_level_css":"","site-sidebar-layout":"default","site-content-layout":"default","ast-global-header-display":"","ast-main-header-display":"","ast-hfb-above-header-display":"","ast-hfb-below-header-display":"","ast-hfb-mobile-header-display":"","site-post-title":"","ast-breadcrumbs-content":"","ast-featured-img":"","footer-sml-layout":"","theme-transparent-header-meta":"","adv-header-id-meta":"","stick-header-meta":"","header-above-stick-meta":"","header-main-stick-meta":"","header-below-stick-meta":"","footnotes":""},"folder":[11],"class_list":["post-2148","page","type-page","status-publish","hentry"],"uagb_featured_image_src":{"full":false,"thumbnail":false,"medium":false,"medium_large":false,"large":false,"rpg_image_slider":false,"rpg_image_thumbnail":false,"1536x1536":false,"2048x2048":false,"menu-24x24":false,"menu-36x36":false,"menu-48x48":false},"uagb_author_info":{"display_name":"administrateur","author_link":"http:\/\/subaquatiquedunois.fr\/sd\/author\/administrateur\/"},"uagb_comment_info":0,"uagb_excerpt":"R\u00e9sultats : Toutes les photos : Consulter toutes les photos de l\u2019\u00e9v\u00e8nement en cliquant ICI Nageurs s\u00e9lectionn\u00e9s : Dossier d&#8217;organisation :","_links":{"self":[{"href":"http:\/\/subaquatiquedunois.fr\/sd\/wp-json\/wp\/v2\/pages\/2148","targetHints":{"allow":["GET"]}}],"collection":[{"href":"http:\/\/subaquatiquedunois.fr\/sd\/wp-json\/wp\/v2\/pages"}],"about":[{"href":"http:\/\/subaquatiquedunois.fr\/sd\/wp-json\/wp\/v2\/types\/page"}],"author":[{"embeddable":true,"href":"http:\/\/subaquatiquedunois.fr\/sd\/wp-json\/wp\/v2\/users\/1"}],"replies":[{"embeddable":true,"href":"http:\/\/subaquatiquedunois.fr\/sd\/wp-json\/wp\/v2\/comments?post=2148"}],"version-history":[{"count":10,"href":"http:\/\/subaquatiquedunois.fr\/sd\/wp-json\/wp\/v2\/pages\/2148\/revisions"}],"predecessor-version":[{"id":2218,"href":"http:\/\/subaquatiquedunois.fr\/sd\/wp-json\/wp\/v2\/pages\/2148\/revisions\/2218"}],"up":[{"embeddable":true,"href":"http:\/\/subaquatiquedunois.fr\/sd\/wp-json\/wp\/v2\/pages\/291"}],"wp:attachment":[{"href":"http:\/\/subaquatiquedunois.fr\/sd\/wp-json\/wp\/v2\/media?parent=2148"}],"wp:term":[{"taxonomy":"folder","embeddable":true,"href":"http:\/\/subaquatiquedunois.fr\/sd\/wp-json\/wp\/v2\/folder?post=2148"}],"curies":[{"name":"wp","href":"https:\/\/api.w.org\/{rel}","templated":true}]}}