{"id":289,"date":"2023-02-12T16:41:12","date_gmt":"2023-02-12T15:41:12","guid":{"rendered":"http:\/\/subaquatiquedunois.fr\/sd\/?page_id=289"},"modified":"2023-02-22T18:55:03","modified_gmt":"2023-02-22T17:55:03","slug":"plongee-sportive","status":"publish","type":"page","link":"http:\/\/subaquatiquedunois.fr\/sd\/nos-activites\/plongee-sportive\/","title":{"rendered":"Plong\u00e9e sportive"},"content":{"rendered":"\n<div class=\"wp-block-uagb-image aligncenter uagb-block-7e2ceedf wp-block-uagb-image--layout-default wp-block-uagb-image--effect-static wp-block-uagb-image--align-center\"><figure class=\"wp-block-uagb-image__figure\"><img decoding=\"async\" srcset=\"http:\/\/subaquatiquedunois.fr\/sd\/wp-content\/uploads\/2023\/02\/psp02.jpg \" src=\"http:\/\/subaquatiquedunois.fr\/sd\/wp-content\/uploads\/2023\/02\/psp02.jpg\" alt=\"\" class=\"uag-image-1288\" width=\"945\" height=\"295\" title=\"\" loading=\"lazy\"\/><\/figure><\/div>\n\n\n\n<p><img decoding=\"async\" src=\"\/sd\/wp-content\/uploads\/2023\/02\/CestQuoi.jpg\">  <span style=\"font-size:64px;\"><sub><b>P S P<\/b> : <span style=\"color:red;\"><b>P<\/b><\/span>long\u00e9e <span style=\"color:red;\"><b>S<\/b><\/span>portive en <span style=\"color:red;\"><b>P<\/b><\/span>iscine<\/sub><\/span><\/p>\n\n\n\n<p>D\u00e9velopp\u00e9e depuis 2011 par la FFESSM, cette discipline permet de faire rencontrer 2 univers&nbsp;: la plong\u00e9e bouteille et la pratique \u00e0 caract\u00e8re comp\u00e9titif.<br><strong>Vous ne souhaitez pas faire de comp\u00e9tition?<\/strong> La PSP peut donner du sens \u00e0 vos s\u00e9ances de piscine. <br>Sa pratique ludique et sportive permet de vous maintenir en forme en s\u2019amusant.<br><\/p>\n\n\n\n<h2 class=\"has-large-font-size wp-block-heading\" style=\"margin-top:var(--wp--preset--spacing--50);margin-right:0;margin-bottom:var(--wp--preset--spacing--50);margin-left:0\">ACCESSIBLE \u00c0 TOUS LES PLONGEURS<\/h2>\n\n\n\n<p><strong><span style=\"text-decoration: underline;\">Conditions<\/span> :<\/strong><br>\u25cf \u00catre licenci\u00e9s \u00e0 la FFESSM d\u00e8s le niveau 1, PE12 ou plongeur d&#8217;or pour les moins de 14 ans.<br>\u25cf Avoir un certificat m\u00e9dical d&#8217;absence de contre-indication \u00e0 la pratique de la plong\u00e9e mais en plus sur ce m\u00eame certificat votre m\u00e9decin aura indiqu\u00e9 la possibilit\u00e9 de pratiquer la PSP en comp\u00e9tition en toutes lettres, (de moins d&#8217;un an d\u00e9livr\u00e9 par tout m\u00e9decin).<br>\u25cf L&#8217;assurance est incluse si vous y avez souscrit avec la licence, dans le cas contraire fournir une attestation d&#8217;une autre assurance.<\/p>\n\n\n\n<h2 class=\"has-large-font-size wp-block-heading\" style=\"margin-top:var(--wp--preset--spacing--50);margin-bottom:var(--wp--preset--spacing--50)\">LES \u00c9PREUVES INDIVIDUELLES OU EN \u00c9QUIPES<\/h2>\n\n\n\n<p>Elles m\u00ealent aisance aquatique, vitesse, dext\u00e9rit\u00e9 et d\u00e9placements sous-marins avec l&#8217;\u00e9quipement du plongeur&nbsp;:<\/p>\n\n\n\n<div class=\"wp-block-uagb-container uagb-block-bcd1be09 alignfull uagb-is-root-container\"><div class=\"uagb-container-inner-blocks-wrap\">\n<div class=\"wp-block-columns is-layout-flex wp-container-core-columns-is-layout-28f84493 wp-block-columns-is-layout-flex\">\n<div class=\"wp-block-column is-layout-flow wp-block-column-is-layout-flow\" style=\"flex-basis:66.66%\">\n<p><strong>100 METRES IMMERSION&nbsp;: <\/strong><br>Cette \u00e9preuve consiste en un d\u00e9placement subaquatique dans le meilleur temps possible, sur une distance de 100 m\u00e8tres.<br><br><strong>200 OU 300 METRES TRIAL&nbsp;:<\/strong> <br>D\u00e9placement en immersion avec bouteille ou en apn\u00e9e.<\/p>\n<\/div>\n\n\n\n<div class=\"wp-block-column is-layout-flow wp-block-column-is-layout-flow\" style=\"flex-basis:33.33%\">\n<div class=\"wp-block-uagb-image uagb-block-71d10718 wp-block-uagb-image--layout-default wp-block-uagb-image--effect-zoomin wp-block-uagb-image--align-none\"><figure class=\"wp-block-uagb-image__figure\"><img decoding=\"async\" srcset=\"http:\/\/subaquatiquedunois.fr\/sd\/wp-content\/uploads\/2023\/02\/psp03.jpg \" src=\"http:\/\/subaquatiquedunois.fr\/sd\/wp-content\/uploads\/2023\/02\/psp03.jpg\" alt=\"\" class=\"uag-image-1289\" width=\"\" height=\"\" title=\"\" loading=\"lazy\"\/><\/figure><\/div>\n<\/div>\n<\/div>\n\n\n\n<div class=\"wp-block-columns is-layout-flex wp-container-core-columns-is-layout-28f84493 wp-block-columns-is-layout-flex\">\n<div class=\"wp-block-column is-layout-flow wp-block-column-is-layout-flow\" style=\"flex-basis:33.33%\">\n<div class=\"wp-block-uagb-image uagb-block-1257cf97 wp-block-uagb-image--layout-default wp-block-uagb-image--effect-zoomin wp-block-uagb-image--align-none\"><figure class=\"wp-block-uagb-image__figure\"><img decoding=\"async\" srcset=\"http:\/\/subaquatiquedunois.fr\/sd\/wp-content\/uploads\/2023\/02\/Competition-2023-02-05-3.jpg \" src=\"http:\/\/subaquatiquedunois.fr\/sd\/wp-content\/uploads\/2023\/02\/Competition-2023-02-05-3.jpg\" alt=\"\" class=\"uag-image-600\" width=\"\" height=\"\" title=\"\" loading=\"lazy\"\/><\/figure><\/div>\n<\/div>\n\n\n\n<div class=\"wp-block-column is-layout-flow wp-block-column-is-layout-flow\" style=\"flex-basis:66.66%\">\n<p><strong>EMERSION D&#8217;UN OBJET DE 6 KG (25M ou 50M)&nbsp;:<\/strong> <br>Parcourir la distance en immersion et gonfler un parachute<br><br><strong>OCTOPUS bi-bouteilles ou mono bouteille&nbsp;: <\/strong><br>Parcourir en bin\u00f4me une distance de 50 m ou 100 m en immersion avec un plongeur respirant sur l&#8217;Octopus du second plongeur.<\/p>\n<\/div>\n<\/div>\n\n\n\n<div class=\"wp-block-columns is-layout-flex wp-container-core-columns-is-layout-28f84493 wp-block-columns-is-layout-flex\">\n<div class=\"wp-block-column is-layout-flow wp-block-column-is-layout-flow\" style=\"flex-basis:66.66%\">\n<p><strong>COMBINE&nbsp;:<\/strong> <br>R\u00e9aliser un parcours en solo ou \u00e0 2 plongeurs qui associe passages dans des tunnels, vidage de masque, d\u00e9placement avec Octopus, et tracter un objet.<br><br><\/p>\n<\/div>\n\n\n\n<div class=\"wp-block-column is-layout-flow wp-block-column-is-layout-flow\" style=\"flex-basis:33.33%\">\n<div class=\"wp-block-uagb-image uagb-block-8cf8334d wp-block-uagb-image--layout-default wp-block-uagb-image--effect-zoomin wp-block-uagb-image--align-none\"><figure class=\"wp-block-uagb-image__figure\"><img decoding=\"async\" srcset=\"http:\/\/subaquatiquedunois.fr\/sd\/wp-content\/uploads\/2023\/02\/psp01-1-1024x381.png \" src=\"http:\/\/subaquatiquedunois.fr\/sd\/wp-content\/uploads\/2023\/02\/psp01-1-1024x381.png\" alt=\"\" class=\"uag-image-222\" width=\"1024\" height=\"381\" title=\"\" loading=\"lazy\"\/><\/figure><\/div>\n<\/div>\n<\/div>\n\n\n\n<div class=\"wp-block-columns is-layout-flex wp-container-core-columns-is-layout-28f84493 wp-block-columns-is-layout-flex\">\n<div class=\"wp-block-column is-layout-flow wp-block-column-is-layout-flow\" style=\"flex-basis:33.33%\">\n<div class=\"wp-block-uagb-image uagb-block-d87bf17a wp-block-uagb-image--layout-default wp-block-uagb-image--effect-zoomin wp-block-uagb-image--align-none\"><figure class=\"wp-block-uagb-image__figure\"><img decoding=\"async\" srcset=\"http:\/\/subaquatiquedunois.fr\/sd\/wp-content\/uploads\/2023\/02\/Competition-2023-02-05-24.jpeg \" src=\"http:\/\/subaquatiquedunois.fr\/sd\/wp-content\/uploads\/2023\/02\/Competition-2023-02-05-24.jpeg\" alt=\"\" class=\"uag-image-606\" width=\"297\" height=\"167\" title=\"\" loading=\"lazy\"\/><\/figure><\/div>\n<\/div>\n\n\n\n<div class=\"wp-block-column is-layout-flow wp-block-column-is-layout-flow\" style=\"flex-basis:66.66%\">\n<p><strong><strong>TORPEDO<\/strong>&nbsp;:<\/strong> <br>Relais 4 x 50 m\u00e8tres (ou 4 x 100 m\u00e8tres) <br>Immersion en tractant une bou\u00e9e de surface.<br><br><strong>SCAPHANDRE NOCTURNE&nbsp;: <\/strong><br>Ramasser des objets immerg\u00e9s dispos\u00e9s dans un diam\u00e8tre de 4m avec un masque de plongeur occult\u00e9.<\/p>\n<\/div>\n<\/div>\n<\/div><\/div>\n\n\n\n<p><br>La PSP c&#8217;est aussi la <strong>possibilit\u00e9 de faire de l&#8217;arbitrage <\/strong>sur le bord ou dans la piscine, dans les comp\u00e9titions d\u00e9partementales, r\u00e9gionales ou nationales.<br><br><strong>C\u2019est l&#8217;inclusion du sport adapt\u00e9, acc\u00e8s aux personnes handicap\u00e9es<\/strong>.<br><br>Pour d\u00e9couvrir plus\u00a0: <a href=\"https:\/\/psp.ffessm.fr\/\">https:\/\/psp.ffessm.fr\/<\/a><\/p>\n\n\n\n<hr class=\"wp-block-separator has-alpha-channel-opacity\" style=\"margin-top:var(--wp--preset--spacing--70);margin-bottom:var(--wp--preset--spacing--70)\"\/>\n\n\n\n\t\t\t<div class=\"wp-block-uagb-post-grid uagb-post-grid  uagb-post__image-position-top uagb-post__image-enabled uagb-block-d3e3e843     uagb-post__items uagb-post__columns-3 is-grid uagb-post__columns-tablet-2 uagb-post__columns-mobile-1 uagb-equal_height_inline-read-more-buttons\" data-total=\"2\" style=\"\">\n\n\t\t\t\t\t\t\t\t\t\t\t\t<article class=\"uagb-post__inner-wrap\">\t\t\t\t\t\t\t\t<div class='uagb-post__image'>\n\t\t\t\t\t\t\t\t\t<a href=\"http:\/\/subaquatiquedunois.fr\/sd\/art-2635\/\" target=\"_self\" rel=\"bookmark noopener noreferrer\" class='uagb-image-ratio-2-3'><img loading=\"lazy\" decoding=\"async\" width=\"300\" height=\"300\" src=\"http:\/\/subaquatiquedunois.fr\/sd\/wp-content\/uploads\/sd-forms\/main_image_2635.jpg\" class=\"attachment-medium size-medium\" alt=\"\" \/>\t\t\t\t\t<\/a>\n\t\t\t\t\t\t\t<\/div>\n\t\t\t\t\t\t<h3 class=\"uagb-post__title uagb-post__text\">\n\t\t\t\t<a href=\"http:\/\/subaquatiquedunois.fr\/sd\/art-2635\/\" target=\"_self\" rel=\"bookmark noopener noreferrer\">Comp\u00e9tition PSP \u00e0 VITTEL LE 14 mars 2026<\/a>\n\t\t\t<\/h3>\n\t\t\t\t\t\t<div class='uagb-post__text uagb-post-grid-byline'>\n\t\t\t\t\t\t\t<\/div>\n\t\t\t\t\t\t<div class=\"uagb-post__text uagb-post__cta wp-block-button\">\n\t\t\t\t<a class=\"wp-block-button__link uagb-text-link\" style=\"\" href=\"http:\/\/subaquatiquedunois.fr\/sd\/art-2635\/\" target=\"_self\" rel=\"bookmark noopener noreferrer\">Lire la suite<\/a>\n\t\t\t<\/div>\n\t\t\t\n\t\t\t\t\t\t\t\t\t<\/article>\n\t\t\t\t\t\t\t\t\t\t\t\t\t\t\t\t<article class=\"uagb-post__inner-wrap\">\t\t\t\t\t\t\t\t<div class='uagb-post__image'>\n\t\t\t\t\t\t\t\t\t<a href=\"http:\/\/subaquatiquedunois.fr\/sd\/art-2602\/\" target=\"_self\" rel=\"bookmark noopener noreferrer\" class='uagb-image-ratio-2-3'><img loading=\"lazy\" decoding=\"async\" width=\"300\" height=\"300\" src=\"http:\/\/subaquatiquedunois.fr\/sd\/wp-content\/uploads\/sd-forms\/main_image_2602.jpg\" class=\"attachment-medium size-medium\" alt=\"\" \/>\t\t\t\t\t<\/a>\n\t\t\t\t\t\t\t<\/div>\n\t\t\t\t\t\t<h3 class=\"uagb-post__title uagb-post__text\">\n\t\t\t\t<a href=\"http:\/\/subaquatiquedunois.fr\/sd\/art-2602\/\" target=\"_self\" rel=\"bookmark noopener noreferrer\">Le Championnat D\u00e9partemental de Plong\u00e9e Sportive en Piscine<\/a>\n\t\t\t<\/h3>\n\t\t\t\t\t\t<div class='uagb-post__text uagb-post-grid-byline'>\n\t\t\t\t\t\t\t<\/div>\n\t\t\t\t\t\t<div class=\"uagb-post__text uagb-post__cta wp-block-button\">\n\t\t\t\t<a class=\"wp-block-button__link uagb-text-link\" style=\"\" href=\"http:\/\/subaquatiquedunois.fr\/sd\/art-2602\/\" target=\"_self\" rel=\"bookmark noopener noreferrer\">Lire la suite<\/a>\n\t\t\t<\/div>\n\t\t\t\n\t\t\t\t\t\t\t\t\t<\/article>\n\t\t\t\t\t\t\t\t\t\t\t\t\t\t\t\t<article class=\"uagb-post__inner-wrap\">\t\t\t\t\t\t\t\t<div class='uagb-post__image'>\n\t\t\t\t\t\t\t\t\t<a href=\"http:\/\/subaquatiquedunois.fr\/sd\/art-2580\/\" target=\"_self\" rel=\"bookmark noopener noreferrer\" class='uagb-image-ratio-2-3'><img loading=\"lazy\" decoding=\"async\" width=\"300\" height=\"300\" src=\"http:\/\/subaquatiquedunois.fr\/sd\/wp-content\/uploads\/sd-forms\/main_image_2580.jpg\" class=\"attachment-medium size-medium\" alt=\"\" \/>\t\t\t\t\t<\/a>\n\t\t\t\t\t\t\t<\/div>\n\t\t\t\t\t\t<h3 class=\"uagb-post__title uagb-post__text\">\n\t\t\t\t<a href=\"http:\/\/subaquatiquedunois.fr\/sd\/art-2580\/\" target=\"_self\" rel=\"bookmark noopener noreferrer\">Premi\u00e8re Niveau 1 de plong\u00e9e de l&#8217;ann\u00e9e Charlotte<\/a>\n\t\t\t<\/h3>\n\t\t\t\t\t\t<div class='uagb-post__text uagb-post-grid-byline'>\n\t\t\t\t\t\t\t<\/div>\n\t\t\t\t\t\t<div class=\"uagb-post__text uagb-post__cta wp-block-button\">\n\t\t\t\t<a class=\"wp-block-button__link uagb-text-link\" style=\"\" href=\"http:\/\/subaquatiquedunois.fr\/sd\/art-2580\/\" target=\"_self\" rel=\"bookmark noopener noreferrer\">Lire la suite<\/a>\n\t\t\t<\/div>\n\t\t\t\n\t\t\t\t\t\t\t\t\t<\/article>\n\t\t\t\t\t\t\t\t\t\t\t\t\t\t\t\t<article class=\"uagb-post__inner-wrap\">\t\t\t\t\t\t\t\t<div class='uagb-post__image'>\n\t\t\t\t\t\t\t\t\t<a href=\"http:\/\/subaquatiquedunois.fr\/sd\/art-2386\/\" target=\"_self\" rel=\"bookmark noopener noreferrer\" class='uagb-image-ratio-2-3'><img loading=\"lazy\" decoding=\"async\" width=\"300\" height=\"300\" src=\"http:\/\/subaquatiquedunois.fr\/sd\/wp-content\/uploads\/sd-forms\/main_image_2386.jpg\" class=\"attachment-medium size-medium\" alt=\"\" \/>\t\t\t\t\t<\/a>\n\t\t\t\t\t\t\t<\/div>\n\t\t\t\t\t\t<h3 class=\"uagb-post__title uagb-post__text\">\n\t\t\t\t<a href=\"http:\/\/subaquatiquedunois.fr\/sd\/art-2386\/\" target=\"_self\" rel=\"bookmark noopener noreferrer\">Championnat de france psp des clubs \u00e0 limoges 31 mai et 1er juin 2025<\/a>\n\t\t\t<\/h3>\n\t\t\t\t\t\t<div class='uagb-post__text uagb-post-grid-byline'>\n\t\t\t\t\t\t\t<\/div>\n\t\t\t\t\t\t<div class=\"uagb-post__text uagb-post__cta wp-block-button\">\n\t\t\t\t<a class=\"wp-block-button__link uagb-text-link\" style=\"\" href=\"http:\/\/subaquatiquedunois.fr\/sd\/art-2386\/\" target=\"_self\" rel=\"bookmark noopener noreferrer\">Lire la suite<\/a>\n\t\t\t<\/div>\n\t\t\t\n\t\t\t\t\t\t\t\t\t<\/article>\n\t\t\t\t\t\t\t\t\t\t\t\t\t\t\t\t<article class=\"uagb-post__inner-wrap\">\t\t\t\t\t\t\t\t<div class='uagb-post__image'>\n\t\t\t\t\t\t\t\t\t<a href=\"http:\/\/subaquatiquedunois.fr\/sd\/art-2358\/\" target=\"_self\" rel=\"bookmark noopener noreferrer\" class='uagb-image-ratio-2-3'><img loading=\"lazy\" decoding=\"async\" width=\"300\" height=\"300\" src=\"http:\/\/subaquatiquedunois.fr\/sd\/wp-content\/uploads\/sd-forms\/main_image_2358.jpg\" class=\"attachment-medium size-medium\" alt=\"\" \/>\t\t\t\t\t<\/a>\n\t\t\t\t\t\t\t<\/div>\n\t\t\t\t\t\t<h3 class=\"uagb-post__title uagb-post__text\">\n\t\t\t\t<a href=\"http:\/\/subaquatiquedunois.fr\/sd\/art-2358\/\" target=\"_self\" rel=\"bookmark noopener noreferrer\">Championnat R\u00e9gional de PSP \u00e0 Chalons en Champagne<\/a>\n\t\t\t<\/h3>\n\t\t\t\t\t\t<div class='uagb-post__text uagb-post-grid-byline'>\n\t\t\t\t\t\t\t<\/div>\n\t\t\t\t\t\t<div class=\"uagb-post__text uagb-post__cta wp-block-button\">\n\t\t\t\t<a class=\"wp-block-button__link uagb-text-link\" style=\"\" href=\"http:\/\/subaquatiquedunois.fr\/sd\/art-2358\/\" target=\"_self\" rel=\"bookmark noopener noreferrer\">Lire la suite<\/a>\n\t\t\t<\/div>\n\t\t\t\n\t\t\t\t\t\t\t\t\t<\/article>\n\t\t\t\t\t\t\t\t\t\t\t\t\t\t\t\t<article class=\"uagb-post__inner-wrap\">\t\t\t\t\t\t\t\t<div class='uagb-post__image'>\n\t\t\t\t\t\t\t\t\t<a href=\"http:\/\/subaquatiquedunois.fr\/sd\/art-2146\/\" target=\"_self\" rel=\"bookmark noopener noreferrer\" class='uagb-image-ratio-2-3'><img loading=\"lazy\" decoding=\"async\" width=\"300\" height=\"300\" src=\"http:\/\/subaquatiquedunois.fr\/sd\/wp-content\/uploads\/sd-forms\/main_image_2146.jpg\" class=\"attachment-medium size-medium\" alt=\"\" \/>\t\t\t\t\t<\/a>\n\t\t\t\t\t\t\t<\/div>\n\t\t\t\t\t\t<h3 class=\"uagb-post__title uagb-post__text\">\n\t\t\t\t<a href=\"http:\/\/subaquatiquedunois.fr\/sd\/art-2146\/\" target=\"_self\" rel=\"bookmark noopener noreferrer\">8\u00e8me CHAMPIONNAT REGIONAL CENTRE VAL DE LOIRE \u00e0 TOURS<\/a>\n\t\t\t<\/h3>\n\t\t\t\t\t\t<div class='uagb-post__text uagb-post-grid-byline'>\n\t\t\t\t\t\t\t<\/div>\n\t\t\t\t\t\t<div class=\"uagb-post__text uagb-post__cta wp-block-button\">\n\t\t\t\t<a class=\"wp-block-button__link uagb-text-link\" style=\"\" href=\"http:\/\/subaquatiquedunois.fr\/sd\/art-2146\/\" target=\"_self\" rel=\"bookmark noopener noreferrer\">Lire la suite<\/a>\n\t\t\t<\/div>\n\t\t\t\n\t\t\t\t\t\t\t\t\t<\/article>\n\t\t\t\t\t\t\t\t\t\t\t<\/div>\n\t\t\t","protected":false},"excerpt":{"rendered":"<p>P S P : Plong\u00e9e Sportive en Piscine D\u00e9velopp\u00e9e depuis 2011 par la FFESSM, cette discipline permet de faire rencontrer 2 univers&nbsp;: la plong\u00e9e bouteille et la pratique \u00e0 caract\u00e8re comp\u00e9titif.Vous ne souhaitez pas faire de comp\u00e9tition? La PSP peut donner du sens \u00e0 vos s\u00e9ances de piscine. Sa pratique ludique et sportive permet de &hellip;<\/p>\n<p class=\"read-more\"> <a class=\"\" href=\"http:\/\/subaquatiquedunois.fr\/sd\/nos-activites\/plongee-sportive\/\"> <span class=\"screen-reader-text\">Plong\u00e9e sportive<\/span> Lire la suite\u00a0\u00bb<\/a><\/p>\n","protected":false},"author":1,"featured_media":528,"parent":77,"menu_order":2,"comment_status":"closed","ping_status":"closed","template":"","meta":{"_seopress_robots_primary_cat":"","_seopress_titles_title":"","_seopress_titles_desc":"","_seopress_robots_index":"","_uag_custom_page_level_css":"","site-sidebar-layout":"default","site-content-layout":"default","ast-global-header-display":"","ast-main-header-display":"","ast-hfb-above-header-display":"","ast-hfb-below-header-display":"","ast-hfb-mobile-header-display":"","site-post-title":"","ast-breadcrumbs-content":"","ast-featured-img":"","footer-sml-layout":"","theme-transparent-header-meta":"","adv-header-id-meta":"","stick-header-meta":"","header-above-stick-meta":"","header-main-stick-meta":"","header-below-stick-meta":"","footnotes":""},"folder":[11],"class_list":["post-289","page","type-page","status-publish","has-post-thumbnail","hentry"],"uagb_featured_image_src":{"full":["http:\/\/subaquatiquedunois.fr\/sd\/wp-content\/uploads\/2023\/02\/psp01.jpg",1920,320,false],"thumbnail":["http:\/\/subaquatiquedunois.fr\/sd\/wp-content\/uploads\/2023\/02\/psp01-150x150.jpg",150,150,true],"medium":["http:\/\/subaquatiquedunois.fr\/sd\/wp-content\/uploads\/2023\/02\/psp01-300x50.jpg",300,50,true],"medium_large":["http:\/\/subaquatiquedunois.fr\/sd\/wp-content\/uploads\/2023\/02\/psp01-768x128.jpg",768,128,true],"large":["http:\/\/subaquatiquedunois.fr\/sd\/wp-content\/uploads\/2023\/02\/psp01-1024x171.jpg",1024,171,true],"rpg_image_slider":["http:\/\/subaquatiquedunois.fr\/sd\/wp-content\/uploads\/2023\/02\/psp01.jpg",1920,320,false],"rpg_image_thumbnail":["http:\/\/subaquatiquedunois.fr\/sd\/wp-content\/uploads\/2023\/02\/psp01-900x320.jpg",900,320,true],"1536x1536":["http:\/\/subaquatiquedunois.fr\/sd\/wp-content\/uploads\/2023\/02\/psp01-1536x256.jpg",1536,256,true],"2048x2048":["http:\/\/subaquatiquedunois.fr\/sd\/wp-content\/uploads\/2023\/02\/psp01.jpg",1920,320,false],"menu-24x24":["http:\/\/subaquatiquedunois.fr\/sd\/wp-content\/uploads\/2023\/02\/psp01-24x4.jpg",24,4,true],"menu-36x36":["http:\/\/subaquatiquedunois.fr\/sd\/wp-content\/uploads\/2023\/02\/psp01-36x6.jpg",36,6,true],"menu-48x48":["http:\/\/subaquatiquedunois.fr\/sd\/wp-content\/uploads\/2023\/02\/psp01-48x8.jpg",48,8,true]},"uagb_author_info":{"display_name":"administrateur","author_link":"http:\/\/subaquatiquedunois.fr\/sd\/author\/administrateur\/"},"uagb_comment_info":0,"uagb_excerpt":"P S P : Plong\u00e9e Sportive en Piscine D\u00e9velopp\u00e9e depuis 2011 par la FFESSM, cette discipline permet de faire rencontrer 2 univers&nbsp;: la plong\u00e9e bouteille et la pratique \u00e0 caract\u00e8re comp\u00e9titif.Vous ne souhaitez pas faire de comp\u00e9tition? La PSP peut donner du sens \u00e0 vos s\u00e9ances de piscine. Sa pratique ludique et sportive permet de\u2026","_links":{"self":[{"href":"http:\/\/subaquatiquedunois.fr\/sd\/wp-json\/wp\/v2\/pages\/289","targetHints":{"allow":["GET"]}}],"collection":[{"href":"http:\/\/subaquatiquedunois.fr\/sd\/wp-json\/wp\/v2\/pages"}],"about":[{"href":"http:\/\/subaquatiquedunois.fr\/sd\/wp-json\/wp\/v2\/types\/page"}],"author":[{"embeddable":true,"href":"http:\/\/subaquatiquedunois.fr\/sd\/wp-json\/wp\/v2\/users\/1"}],"replies":[{"embeddable":true,"href":"http:\/\/subaquatiquedunois.fr\/sd\/wp-json\/wp\/v2\/comments?post=289"}],"version-history":[{"count":33,"href":"http:\/\/subaquatiquedunois.fr\/sd\/wp-json\/wp\/v2\/pages\/289\/revisions"}],"predecessor-version":[{"id":1536,"href":"http:\/\/subaquatiquedunois.fr\/sd\/wp-json\/wp\/v2\/pages\/289\/revisions\/1536"}],"up":[{"embeddable":true,"href":"http:\/\/subaquatiquedunois.fr\/sd\/wp-json\/wp\/v2\/pages\/77"}],"wp:featuredmedia":[{"embeddable":true,"href":"http:\/\/subaquatiquedunois.fr\/sd\/wp-json\/wp\/v2\/media\/528"}],"wp:attachment":[{"href":"http:\/\/subaquatiquedunois.fr\/sd\/wp-json\/wp\/v2\/media?parent=289"}],"wp:term":[{"taxonomy":"folder","embeddable":true,"href":"http:\/\/subaquatiquedunois.fr\/sd\/wp-json\/wp\/v2\/folder?post=289"}],"curies":[{"name":"wp","href":"https:\/\/api.w.org\/{rel}","templated":true}]}}