{"id":291,"date":"2023-02-12T16:41:34","date_gmt":"2023-02-12T15:41:34","guid":{"rendered":"http:\/\/subaquatiquedunois.fr\/sd\/?page_id=291"},"modified":"2025-09-24T12:22:55","modified_gmt":"2025-09-24T10:22:55","slug":"nage-en-eau-vive","status":"publish","type":"page","link":"http:\/\/subaquatiquedunois.fr\/sd\/nos-activites\/nage-en-eau-vive\/","title":{"rendered":"Nage en eau vive"},"content":{"rendered":"\n<div class=\"wp-block-uagb-container uagb-block-50adffd1 alignfull uagb-is-root-container\"><div class=\"uagb-container-inner-blocks-wrap\">\n<div class=\"wp-block-uagb-container uagb-block-83448ba8\">\n<p class=\"has-text-align-left\" style=\"margin-top:0;margin-right:0;margin-bottom:0;margin-left:0;padding-left:var(--wp--preset--spacing--70)\">La Nage en Eau Vive consiste \u00e0 descendre des rivi\u00e8res \u00e0 la nage, \u00e9quip\u00e9 de palmes, d&#8217;une combinaison n\u00e9opr\u00e8ne, et d&#8217;un flotteur. Lorsque la rivi\u00e8re est plus engag\u00e9e (\u00e0 partir de la classe III) l\u2019\u00e9quipement est compl\u00e9t\u00e9 d\u2019un casque et d&#8217;un gilet. Sport de glisse \u00e0 part enti\u00e8re, la Nage en Eau Vive est en lien tr\u00e8s \u00e9troit avec la nature.<\/p>\n<\/div>\n\n\n\n<div class=\"wp-block-uagb-container uagb-block-de7d241e\">\n<div class=\"wp-block-uagb-image aligncenter uagb-block-28237efb wp-block-uagb-image--layout-default wp-block-uagb-image--effect-static wp-block-uagb-image--align-center\"><figure class=\"wp-block-uagb-image__figure\"><img decoding=\"async\" srcset=\"http:\/\/subaquatiquedunois.fr\/sd\/wp-content\/uploads\/2023\/09\/nev10.png \" sizes=\"auto, (max-width: 480px) 150px\" src=\"http:\/\/subaquatiquedunois.fr\/sd\/wp-content\/uploads\/2023\/09\/nev10.png\" alt=\"\" class=\"uag-image-1820\" width=\"391\" height=\"191\" title=\"\" loading=\"lazy\"\/><\/figure><\/div>\n<\/div>\n<\/div><\/div>\n\n\n\n<h2 class=\"wp-block-heading\">Les disciplines propos\u00e9es par la f\u00e9d\u00e9ration :<\/h2>\n\n\n\n<ul class=\"wp-block-list\">\n<li style=\"font-style:normal;font-weight:600\">La nage loisir<\/li>\n\n\n\n<li style=\"font-style:normal;font-weight:600\">La descente de torrents<\/li>\n\n\n\n<li style=\"font-style:normal;font-weight:600\">Le slalom<\/li>\n\n\n\n<li style=\"font-style:normal;font-weight:600\">La course en ligne<\/li>\n<\/ul>\n\n\n\n<p><\/p>\n\n\n\n<h2 class=\"wp-block-heading\">Les conditions de pratique<\/h2>\n\n\n\n<div class=\"wp-block-uagb-container uagb-block-4e9046bb alignfull uagb-is-root-container\"><div class=\"uagb-container-inner-blocks-wrap\">\n<div class=\"wp-block-uagb-container uagb-block-748a61fc\">\n<div class=\"wp-block-uagb-image aligncenter uagb-block-ec94cdcd wp-block-uagb-image--layout-default wp-block-uagb-image--effect-static wp-block-uagb-image--align-center\"><figure class=\"wp-block-uagb-image__figure\"><img decoding=\"async\" srcset=\"http:\/\/subaquatiquedunois.fr\/sd\/wp-content\/uploads\/2023\/09\/nev02.jpg \" sizes=\"auto, (max-width: 480px) 150px\" src=\"http:\/\/subaquatiquedunois.fr\/sd\/wp-content\/uploads\/2023\/09\/nev02.jpg\" alt=\"\" class=\"uag-image-1816\" width=\"391\" height=\"191\" title=\"\" loading=\"lazy\"\/><\/figure><\/div>\n<\/div>\n\n\n\n<div class=\"wp-block-uagb-container uagb-block-b81ac135\">\n<p style=\"padding-right:var(--wp--preset--spacing--70)\">La nage en eau vive peut \u00eatre pratiqu\u00e9e par toute personne, \u00e2g\u00e9e d\u2019au moins huit ans, en bonne condition physique et sachant nager. Pour une pratique en club, elle doit \u00eatre licenci\u00e9s \u00e0 la FFESSM, avoir un certificat m\u00e9dical d\u2019absence de contre-indication \u00e0 la pratique de la nage en eau vive, et \u00eatre assur\u00e9e pour la pratique de ce sport.<\/p>\n<\/div>\n<\/div><\/div>\n\n\n\n<p><\/p>\n\n\n\n<div class=\"wp-block-uagb-image uagb-block-86a11ea7 wp-block-uagb-image--layout-default wp-block-uagb-image--effect-static wp-block-uagb-image--align-none\"><figure class=\"wp-block-uagb-image__figure\"><img decoding=\"async\" srcset=\"http:\/\/subaquatiquedunois.fr\/sd\/wp-content\/uploads\/2023\/09\/nev03.jpg \" sizes=\"auto, (max-width: 480px) 150px\" src=\"http:\/\/subaquatiquedunois.fr\/sd\/wp-content\/uploads\/2023\/09\/nev03.jpg\" alt=\"\" class=\"uag-image-1817\" width=\"1200\" height=\"376\" title=\"\" loading=\"lazy\"\/><\/figure><\/div>\n\n\n\n<p><\/p>\n\n\n\n<p>Au subaquatique Dunois, nous pratiquons essentiellement la nage loisir ainsi que la course en ligne.<\/p>\n\n\n\n<p>Chaque semaine nous nous retrouvons pour des s\u00e9ances de nage en piscine ainsi qu\u2019en rivi\u00e8re. Notre sortie dominicale sur le Loir, est ouverte tant aux pratiquants loisir qu\u2019aux comp\u00e9titeurs.<\/p>\n\n\n\n<div class=\"wp-block-uagb-container uagb-block-42210287 alignfull uagb-is-root-container\"><div class=\"uagb-container-inner-blocks-wrap\">\n<div class=\"wp-block-uagb-container uagb-block-5901f80c\">\n<p style=\"padding-left:1.75rem\">Dans le cadre des sorties loisirs, ouvertes \u00e0 tous les niveaux de pratique, sorties en mer et rivi\u00e8res&nbsp;sont propos\u00e9es :<\/p>\n\n\n\n<ul class=\"wp-block-list\">\n<li>Travers\u00e9e de la baie de Somme, <\/li>\n\n\n\n<li>Tour de l\u2019\u00eele de Br\u00e9at, <\/li>\n\n\n\n<li>Travers\u00e9e la Rochelle-\u00eele de R\u00e9 \u2026<\/li>\n<\/ul>\n<\/div>\n\n\n\n<div class=\"wp-block-uagb-container uagb-block-783b3d66\">\n<div class=\"wp-block-uagb-image aligncenter uagb-block-4b52eb51 wp-block-uagb-image--layout-default wp-block-uagb-image--effect-static wp-block-uagb-image--align-center\"><figure class=\"wp-block-uagb-image__figure\"><img decoding=\"async\" srcset=\"http:\/\/subaquatiquedunois.fr\/sd\/wp-content\/uploads\/2023\/09\/nev04.jpg \" sizes=\"auto, (max-width: 480px) 150px\" src=\"http:\/\/subaquatiquedunois.fr\/sd\/wp-content\/uploads\/2023\/09\/nev04.jpg\" alt=\"\" class=\"uag-image-1818\" width=\"403\" height=\"200\" title=\"\" loading=\"lazy\"\/><\/figure><\/div>\n<\/div>\n<\/div><\/div>\n\n\n\n<div class=\"wp-block-uagb-container uagb-block-0d69c6d7 alignfull uagb-is-root-container\"><div class=\"uagb-container-inner-blocks-wrap\">\n<div class=\"wp-block-uagb-container uagb-block-090efaef\">\n<div class=\"wp-block-uagb-image aligncenter uagb-block-7c9bc9e8 wp-block-uagb-image--layout-default wp-block-uagb-image--effect-static wp-block-uagb-image--align-center\"><figure class=\"wp-block-uagb-image__figure\"><img decoding=\"async\" srcset=\"http:\/\/subaquatiquedunois.fr\/sd\/wp-content\/uploads\/2023\/09\/nev05.jpg \" sizes=\"auto, (max-width: 480px) 150px\" src=\"http:\/\/subaquatiquedunois.fr\/sd\/wp-content\/uploads\/2023\/09\/nev05.jpg\" alt=\"\" class=\"uag-image-1819\" width=\"403\" height=\"200\" title=\"\" loading=\"lazy\"\/><\/figure><\/div>\n<\/div>\n\n\n\n<div class=\"wp-block-uagb-container uagb-block-f2f3a4bd\">\n<p style=\"padding-right:var(--wp--preset--spacing--70)\">Nous participons \u00e9galement \u00e0 diverses initiatives et partenariats avec des associations et clubs d\u2019autres disciplines&nbsp;:<\/p>\n\n\n\n<ul class=\"wp-block-list\">\n<li>Sorties accompagn\u00e9es, <\/li>\n\n\n\n<li>D\u00e9fis personne en situation de handicap, <\/li>\n\n\n\n<li>Nettoyage de rivi\u00e8re, <\/li>\n\n\n\n<li>Renfort s\u00e9curit\u00e9 pour comp\u00e9tition de kayak \u2026<\/li>\n<\/ul>\n<\/div>\n<\/div><\/div>\n\n\n\n<p><\/p>\n\n\n\n<p><strong>Tout au long de l\u2019ann\u00e9e nous participons aux diff\u00e9rentes comp\u00e9titions de niveau r\u00e9gional \u00e0 national.<\/strong><br>Le subaquatique Dunois organise chaque ann\u00e9e la descente du Loir, de Marbou\u00e9 \u00e0 Ch\u00e2teaudun. Une rencontre sportive, qui peut selon les ann\u00e9es, \u00eatre s\u00e9lective pour les championnats de France ou m\u00eame Championnat de France.<\/p>\n\n\n\n<div class=\"wp-block-uagb-image aligncenter uagb-block-414f4d2e wp-block-uagb-image--layout-default wp-block-uagb-image--effect-static wp-block-uagb-image--align-center\"><figure class=\"wp-block-uagb-image__figure\"><a class=\"\" href=\"https:\/\/youtu.be\/z8TL-ZqmkCg?si=6yWVS3mAUDMvTDRE\" target=\"_blank\" rel=\"noreferrer noopener\"><img decoding=\"async\" srcset=\"http:\/\/subaquatiquedunois.fr\/sd\/wp-content\/uploads\/2023\/09\/video.png \" sizes=\"auto, (max-width: 480px) 150px\" src=\"http:\/\/subaquatiquedunois.fr\/sd\/wp-content\/uploads\/2023\/09\/video.png\" alt=\"\" class=\"uag-image-1821\" width=\"113\" height=\"42\" title=\"\" loading=\"lazy\"\/><\/a><figcaption class=\"uagb-image-caption\">D\u00e9part des championnats de France 2017<\/figcaption><\/figure><\/div>\n\n\n\n<p><\/p>\n\n\n\n<hr class=\"wp-block-separator has-alpha-channel-opacity is-style-wide\"\/>\n\n\n\n<p><\/p>\n\n\n\n<p>Notre engagement sportif nous permet aujourd\u2019hui de compter parmi nos nageurs, quelques comp\u00e9titeurs r\u00e9compens\u00e9s au niveau r\u00e9gional et national.<\/p>\n\n\n<style>#rpg-1882 .img-slider-item .caption { background-color: #ffffff;  }#rpg-1882 .img-slider-item .figc {color:#ffffff;}#rpg-1882 .rpg-title {  font-size: 18px; }#rpg-1882 { width:50%;}#rpg-1882  p.description { color:#ffffff;font-size:14px; }#rpg-1882  .rpg-title { color:#ffffff; }<\/style>\n\r\n\r\n\r\n\r\n<div id=\"rpg-1882\" class=\"img-slider image-slider \" style=\"margin: 50px auto;\" data-config=\"{&quot;columns&quot;:12,&quot;gutter&quot;:8}\">\r\n\r\n\r\n<style type=\"text\/css\">\r\n    .img-slider-swiper-button-prev {\r\n        position: relative;\r\n        width: auto;\r\n        height: auto;\r\n        padding: 5px 20px !important;\r\n        background: transparent; \r\n        border-radius: 0%; \r\n        background-position: -82px -22px;\r\n        cursor: pointer;\r\n        top: 45%;\r\n        left: 30px;\r\n        margin-top: -25px;\r\n        position: absolute;\r\n        z-index: 110;\r\n    }\r\n\r\n    .img-slider-swiper-button-next {\r\n        position: relative;\r\n        right: 30px;\r\n        left: auto;\r\n        background-position: -81px -99px;\r\n        padding: 5px 20px !important;\r\n        width: auto;\r\n        height: auto;\r\n        background: transparent; \r\n        border-radius: 0%;\r\n        cursor: pointer;\r\n        top: 45%;\r\n        margin-top: -25px;\r\n        position: absolute;\r\n        z-index: 110;\r\n    }\r\n\r\n    .img-slider-swiper-button-next:after, .img-slider-swiper-button-prev:after{\r\n        font-size: 32px; \r\n        font-weight: bold;\r\n        color: #107eb6;  \r\n    }\r\n\r\n    .img-slider-swiper-button-prev:hover,\r\n    .img-slider-swiper-button-next:hover {\r\n        background: #107eb6;\r\n    }\r\n\r\n    .boxed-prev:hover .img-slider-swiper-button-prev:after,\r\n    .boxed-next:hover .img-slider-swiper-button-next:after{\r\n        color: #fff;\r\n    }\r\n\r\n     .img-slider .swiper-slide img{\r\n      width: 100%;\r\n      height: auto;\r\n    }\r\n\r\n\r\n\r\n<\/style>\r\n\r\n\r\n<div class=\"swiper-container gallery-top\">\r\n\t<div class=\"swiper-wrapper\">\r\n\t\t\t\t\t\t\t\t\r\n\r\n\r\n\t\t\t\t\t\t\r\n \t\t\t\t\t\t<div class=\"swiper-slide\" >\r\n \t\t\t\t\t\t\t\r\n\t\t\t\t\t\t\t<img decoding=\"async\" src=\"http:\/\/subaquatiquedunois.fr\/sd\/wp-content\/uploads\/2023\/09\/nev08.jpg\">\r\n \t\t\t\t\t\t<\/div> \r\n\r\n\t\t\t\t\t\t\t\t\r\n\r\n\r\n\t\t\t\t\t\t\r\n \t\t\t\t\t\t<div class=\"swiper-slide\" >\r\n \t\t\t\t\t\t\t\r\n\t\t\t\t\t\t\t<img decoding=\"async\" src=\"http:\/\/subaquatiquedunois.fr\/sd\/wp-content\/uploads\/2023\/09\/nev09.jpg\">\r\n \t\t\t\t\t\t<\/div> \r\n\r\n\t\t\t\t\t\t\t\t\r\n\r\n\r\n\t\t\t\t\t\t\r\n \t\t\t\t\t\t<div class=\"swiper-slide\" >\r\n \t\t\t\t\t\t\t\r\n\t\t\t\t\t\t\t<img decoding=\"async\" src=\"http:\/\/subaquatiquedunois.fr\/sd\/wp-content\/uploads\/2023\/09\/nev07.jpg\">\r\n \t\t\t\t\t\t<\/div> \r\n\r\n\t\t\t\t\t\t\t\t\r\n\r\n\r\n\t\t\t\t\t\t\r\n \t\t\t\t\t\t<div class=\"swiper-slide\" >\r\n \t\t\t\t\t\t\t\r\n\t\t\t\t\t\t\t<img decoding=\"async\" src=\"http:\/\/subaquatiquedunois.fr\/sd\/wp-content\/uploads\/2023\/09\/nev06.jpg\">\r\n \t\t\t\t\t\t<\/div> \r\n\r\n\t\t\t\t <\/div>\r\n\t\t \t<\/div>\r\n\t<div class=\"swiper-container gallery-thumbs\">\r\n    \t<div class=\"swiper-wrapper\">\r\n    \t\t\t\t\t\t\t\r\n \t\t\t\t\t\t\r\n \t\t\t\t\t\t<div class=\"swiper-slide\" >\r\n \t\t\t\t\t\t\t<img decoding=\"async\" src=\"http:\/\/subaquatiquedunois.fr\/sd\/wp-content\/uploads\/2023\/09\/nev08.jpg\">\r\n \t\t\t\t\t\t<\/div>\r\n\r\n\t\t\t\t\t\t\t\t\r\n \t\t\t\t\t\t\r\n \t\t\t\t\t\t<div class=\"swiper-slide\" >\r\n \t\t\t\t\t\t\t<img decoding=\"async\" src=\"http:\/\/subaquatiquedunois.fr\/sd\/wp-content\/uploads\/2023\/09\/nev09.jpg\">\r\n \t\t\t\t\t\t<\/div>\r\n\r\n\t\t\t\t\t\t\t\t\r\n \t\t\t\t\t\t\r\n \t\t\t\t\t\t<div class=\"swiper-slide\" >\r\n \t\t\t\t\t\t\t<img decoding=\"async\" src=\"http:\/\/subaquatiquedunois.fr\/sd\/wp-content\/uploads\/2023\/09\/nev07.jpg\">\r\n \t\t\t\t\t\t<\/div>\r\n\r\n\t\t\t\t\t\t\t\t\r\n \t\t\t\t\t\t\r\n \t\t\t\t\t\t<div class=\"swiper-slide\" >\r\n \t\t\t\t\t\t\t<img decoding=\"async\" src=\"http:\/\/subaquatiquedunois.fr\/sd\/wp-content\/uploads\/2023\/09\/nev06.jpg\">\r\n \t\t\t\t\t\t<\/div>\r\n\r\n\t\t\r\n\t\t <\/div>\r\n  <\/div>\r\n\r\n  <script type=\"text\/javascript\">\r\n\r\n    var auto_play = '1';\r\n    var slide_duration = '3000';\r\n\r\n    auto_play = (auto_play==1) ? { delay: slide_duration, disableOnInteraction: false,} : false;\r\n    \/\/console.log(auto_play);\r\n    \r\n    var galleryThumbs = new Swiper('.gallery-thumbs', {\r\n      spaceBetween: 10,\r\n      slidesPerView: 5,\r\n      loop: true,\r\n      freeMode: true,\r\n      loopedSlides: 5, \/\/looped slides should be the same\r\n      watchSlidesVisibility: true,\r\n      watchSlidesProgress: true,\r\n    });\r\n    var galleryTop = new Swiper('.gallery-top', {\r\n      spaceBetween: 10,\r\n      loop:true,\r\n      loopedSlides: 5, \/\/looped slides should be the same\r\n      navigation: {\r\n        nextEl: '.img-slider-swiper-button-next',\r\n        prevEl: '.img-slider-swiper-button-prev',\r\n      },\r\n      thumbs: {\r\n        swiper: galleryThumbs,\r\n      },\r\n      autoplay: auto_play,\r\n    });\r\n    \r\n  <\/script>\r\n    <\/div>\r\n\r\n\r\n\r\n\r\n\r\n\t\r\n\r\n\n\n\n\n<hr class=\"wp-block-separator has-alpha-channel-opacity is-style-wide\"\/>\n\n\n\n<h2 class=\"wp-block-heading\">HISTORIQUE DES ARTICLES<\/h2>\n\n\n\n\t\t\t<div class=\"wp-block-uagb-post-grid uagb-post-grid  uagb-post__image-position-top uagb-post__image-enabled uagb-block-9bc8e4d5     uagb-post__items uagb-post__columns-3 is-grid uagb-post__columns-tablet-2 uagb-post__columns-mobile-1 uagb-post__equal-height uagb-equal_height_inline-read-more-buttons\" data-total=\"4\" style=\"\">\n\n\t\t\t\t\t\t\t\t\t\t\t\t<article class=\"uagb-post__inner-wrap\">\t\t\t\t\t\t\t\t<div class='uagb-post__image'>\n\t\t\t\t\t\t\t\t\t<a href=\"http:\/\/subaquatiquedunois.fr\/sd\/art-2633\/\" target=\"_self\" rel=\"bookmark noopener noreferrer\" class='uagb-image-ratio-2-3'><img loading=\"lazy\" decoding=\"async\" width=\"300\" height=\"300\" src=\"http:\/\/subaquatiquedunois.fr\/sd\/wp-content\/uploads\/sd-forms\/main_image_2633.jpg\" class=\"attachment-medium size-medium\" alt=\"\" \/>\t\t\t\t\t<\/a>\n\t\t\t\t\t\t\t<\/div>\n\t\t\t\t\t\t<h3 class=\"uagb-post__title uagb-post__text\">\n\t\t\t\t<a href=\"http:\/\/subaquatiquedunois.fr\/sd\/art-2633\/\" target=\"_self\" rel=\"bookmark noopener noreferrer\">Descente du Loir dimanche 8 mars 2026<\/a>\n\t\t\t<\/h3>\n\t\t\t\t\t\t<div class='uagb-post__text uagb-post-grid-byline'>\n\t\t\t\t\t\t\t<\/div>\n\t\t\t\t\t\t<div class=\"uagb-post__text uagb-post__cta wp-block-button\">\n\t\t\t\t<a class=\"wp-block-button__link uagb-text-link\" style=\"\" href=\"http:\/\/subaquatiquedunois.fr\/sd\/art-2633\/\" target=\"_self\" rel=\"bookmark noopener noreferrer\">Lire la suite<\/a>\n\t\t\t<\/div>\n\t\t\t\n\t\t\t\t\t\t\t\t\t<\/article>\n\t\t\t\t\t\t\t\t\t\t\t\t\t\t\t\t<article class=\"uagb-post__inner-wrap\">\t\t\t\t\t\t\t\t<div class='uagb-post__image'>\n\t\t\t\t\t\t\t\t\t<a href=\"http:\/\/subaquatiquedunois.fr\/sd\/art-2515\/\" target=\"_self\" rel=\"bookmark noopener noreferrer\" class='uagb-image-ratio-2-3'><img loading=\"lazy\" decoding=\"async\" width=\"300\" height=\"300\" src=\"http:\/\/subaquatiquedunois.fr\/sd\/wp-content\/uploads\/sd-forms\/main_image_2515.jpg\" class=\"attachment-medium size-medium\" alt=\"\" \/>\t\t\t\t\t<\/a>\n\t\t\t\t\t\t\t<\/div>\n\t\t\t\t\t\t<h3 class=\"uagb-post__title uagb-post__text\">\n\t\t\t\t<a href=\"http:\/\/subaquatiquedunois.fr\/sd\/art-2515\/\" target=\"_self\" rel=\"bookmark noopener noreferrer\">S\u00e9lectif de course en ligne dimanche 9 novembre 2025 \u00e0 Chinon<\/a>\n\t\t\t<\/h3>\n\t\t\t\t\t\t<div class='uagb-post__text uagb-post-grid-byline'>\n\t\t\t\t\t\t\t<\/div>\n\t\t\t\t\t\t<div class=\"uagb-post__text uagb-post__cta wp-block-button\">\n\t\t\t\t<a class=\"wp-block-button__link uagb-text-link\" style=\"\" href=\"http:\/\/subaquatiquedunois.fr\/sd\/art-2515\/\" target=\"_self\" rel=\"bookmark noopener noreferrer\">Lire la suite<\/a>\n\t\t\t<\/div>\n\t\t\t\n\t\t\t\t\t\t\t\t\t<\/article>\n\t\t\t\t\t\t\t\t\t\t\t\t\t\t\t\t<article class=\"uagb-post__inner-wrap\">\t\t\t\t\t\t\t\t<div class='uagb-post__image'>\n\t\t\t\t\t\t\t\t\t<a href=\"http:\/\/subaquatiquedunois.fr\/sd\/art-2475\/\" target=\"_self\" rel=\"bookmark noopener noreferrer\" class='uagb-image-ratio-2-3'><img loading=\"lazy\" decoding=\"async\" width=\"300\" height=\"300\" src=\"http:\/\/subaquatiquedunois.fr\/sd\/wp-content\/uploads\/sd-forms\/main_image_2475.jpg\" class=\"attachment-medium size-medium\" alt=\"\" \/>\t\t\t\t\t<\/a>\n\t\t\t\t\t\t\t<\/div>\n\t\t\t\t\t\t<h3 class=\"uagb-post__title uagb-post__text\">\n\t\t\t\t<a href=\"http:\/\/subaquatiquedunois.fr\/sd\/art-2475\/\" target=\"_self\" rel=\"bookmark noopener noreferrer\">SORTIE NAGE EN BAIE DE SOMME<\/a>\n\t\t\t<\/h3>\n\t\t\t\t\t\t<div class='uagb-post__text uagb-post-grid-byline'>\n\t\t\t\t\t\t\t<\/div>\n\t\t\t\t\t\t<div class=\"uagb-post__text uagb-post__cta wp-block-button\">\n\t\t\t\t<a class=\"wp-block-button__link uagb-text-link\" style=\"\" href=\"http:\/\/subaquatiquedunois.fr\/sd\/art-2475\/\" target=\"_self\" rel=\"bookmark noopener noreferrer\">Lire la suite<\/a>\n\t\t\t<\/div>\n\t\t\t\n\t\t\t\t\t\t\t\t\t<\/article>\n\t\t\t\t\t\t\t\t\t\t\t\t\t\t\t\t<article class=\"uagb-post__inner-wrap\">\t\t\t\t\t\t\t\t<div class='uagb-post__image'>\n\t\t\t\t\t\t\t\t\t<a href=\"http:\/\/subaquatiquedunois.fr\/sd\/art-2402\/\" target=\"_self\" rel=\"bookmark noopener noreferrer\" class='uagb-image-ratio-2-3'><img loading=\"lazy\" decoding=\"async\" width=\"300\" height=\"300\" src=\"http:\/\/subaquatiquedunois.fr\/sd\/wp-content\/uploads\/sd-forms\/main_image_2402.jpg\" class=\"attachment-medium size-medium\" alt=\"\" \/>\t\t\t\t\t<\/a>\n\t\t\t\t\t\t\t<\/div>\n\t\t\t\t\t\t<h3 class=\"uagb-post__title uagb-post__text\">\n\t\t\t\t<a href=\"http:\/\/subaquatiquedunois.fr\/sd\/art-2402\/\" target=\"_self\" rel=\"bookmark noopener noreferrer\">Verdon Swim Exp\u00e9rience 2025<\/a>\n\t\t\t<\/h3>\n\t\t\t\t\t\t<div class='uagb-post__text uagb-post-grid-byline'>\n\t\t\t\t\t\t\t<\/div>\n\t\t\t\t\t\t<div class=\"uagb-post__text uagb-post__cta wp-block-button\">\n\t\t\t\t<a class=\"wp-block-button__link uagb-text-link\" style=\"\" href=\"http:\/\/subaquatiquedunois.fr\/sd\/art-2402\/\" target=\"_self\" rel=\"bookmark noopener noreferrer\">Lire la suite<\/a>\n\t\t\t<\/div>\n\t\t\t\n\t\t\t\t\t\t\t\t\t<\/article>\n\t\t\t\t\t\t\t\t\t\t\t\t\t\t\t\t<article class=\"uagb-post__inner-wrap\">\t\t\t\t\t\t\t\t<div class='uagb-post__image'>\n\t\t\t\t\t\t\t\t\t<a href=\"http:\/\/subaquatiquedunois.fr\/sd\/art-2351\/\" target=\"_self\" rel=\"bookmark noopener noreferrer\" class='uagb-image-ratio-2-3'><img loading=\"lazy\" decoding=\"async\" width=\"300\" height=\"300\" src=\"http:\/\/subaquatiquedunois.fr\/sd\/wp-content\/uploads\/sd-forms\/main_image_2351.jpg\" class=\"attachment-medium size-medium\" alt=\"\" \/>\t\t\t\t\t<\/a>\n\t\t\t\t\t\t\t<\/div>\n\t\t\t\t\t\t<h3 class=\"uagb-post__title uagb-post__text\">\n\t\t\t\t<a href=\"http:\/\/subaquatiquedunois.fr\/sd\/art-2351\/\" target=\"_self\" rel=\"bookmark noopener noreferrer\">Vraiment une belle \u00e9quipe au championnat de France<\/a>\n\t\t\t<\/h3>\n\t\t\t\t\t\t<div class='uagb-post__text uagb-post-grid-byline'>\n\t\t\t\t\t\t\t<\/div>\n\t\t\t\t\t\t<div class=\"uagb-post__text uagb-post__cta wp-block-button\">\n\t\t\t\t<a class=\"wp-block-button__link uagb-text-link\" style=\"\" href=\"http:\/\/subaquatiquedunois.fr\/sd\/art-2351\/\" target=\"_self\" rel=\"bookmark noopener noreferrer\">Lire la suite<\/a>\n\t\t\t<\/div>\n\t\t\t\n\t\t\t\t\t\t\t\t\t<\/article>\n\t\t\t\t\t\t\t\t\t\t\t\t\t\t\t\t<article class=\"uagb-post__inner-wrap\">\t\t\t\t\t\t\t\t<div class='uagb-post__image'>\n\t\t\t\t\t\t\t\t\t<a href=\"http:\/\/subaquatiquedunois.fr\/sd\/art-2349\/\" target=\"_self\" rel=\"bookmark noopener noreferrer\" class='uagb-image-ratio-2-3'><img loading=\"lazy\" decoding=\"async\" width=\"300\" height=\"300\" src=\"http:\/\/subaquatiquedunois.fr\/sd\/wp-content\/uploads\/sd-forms\/main_image_2349.jpg\" class=\"attachment-medium size-medium\" alt=\"\" \/>\t\t\t\t\t<\/a>\n\t\t\t\t\t\t\t<\/div>\n\t\t\t\t\t\t<h3 class=\"uagb-post__title uagb-post__text\">\n\t\t\t\t<a href=\"http:\/\/subaquatiquedunois.fr\/sd\/art-2349\/\" target=\"_self\" rel=\"bookmark noopener noreferrer\">Championnat de France de course en ligne Nage en Eau Vive<\/a>\n\t\t\t<\/h3>\n\t\t\t\t\t\t<div class='uagb-post__text uagb-post-grid-byline'>\n\t\t\t\t\t\t\t<\/div>\n\t\t\t\t\t\t<div class=\"uagb-post__text uagb-post__cta wp-block-button\">\n\t\t\t\t<a class=\"wp-block-button__link uagb-text-link\" style=\"\" href=\"http:\/\/subaquatiquedunois.fr\/sd\/art-2349\/\" target=\"_self\" rel=\"bookmark noopener noreferrer\">Lire la suite<\/a>\n\t\t\t<\/div>\n\t\t\t\n\t\t\t\t\t\t\t\t\t<\/article>\n\t\t\t\t\t\t\t\t\t\t\t<\/div>\n\t\t\t","protected":false},"excerpt":{"rendered":"<p>La Nage en Eau Vive consiste \u00e0 descendre des rivi\u00e8res \u00e0 la nage, \u00e9quip\u00e9 de palmes, d&#8217;une combinaison n\u00e9opr\u00e8ne, et d&#8217;un flotteur. Lorsque la rivi\u00e8re est plus engag\u00e9e (\u00e0 partir de la classe III) l\u2019\u00e9quipement est compl\u00e9t\u00e9 d\u2019un casque et d&#8217;un gilet. Sport de glisse \u00e0 part enti\u00e8re, la Nage en Eau Vive est en &hellip;<\/p>\n<p class=\"read-more\"> <a class=\"\" href=\"http:\/\/subaquatiquedunois.fr\/sd\/nos-activites\/nage-en-eau-vive\/\"> <span class=\"screen-reader-text\">Nage en eau vive<\/span> Lire la suite\u00a0\u00bb<\/a><\/p>\n","protected":false},"author":1,"featured_media":526,"parent":77,"menu_order":3,"comment_status":"closed","ping_status":"closed","template":"","meta":{"_seopress_robots_primary_cat":"","_seopress_titles_title":"","_seopress_titles_desc":"","_seopress_robots_index":"","_uag_custom_page_level_css":"","site-sidebar-layout":"default","site-content-layout":"default","ast-global-header-display":"","ast-main-header-display":"","ast-hfb-above-header-display":"","ast-hfb-below-header-display":"","ast-hfb-mobile-header-display":"","site-post-title":"","ast-breadcrumbs-content":"","ast-featured-img":"","footer-sml-layout":"","theme-transparent-header-meta":"","adv-header-id-meta":"","stick-header-meta":"","header-above-stick-meta":"","header-main-stick-meta":"","header-below-stick-meta":"","footnotes":""},"folder":[11],"class_list":["post-291","page","type-page","status-publish","has-post-thumbnail","hentry"],"uagb_featured_image_src":{"full":["http:\/\/subaquatiquedunois.fr\/sd\/wp-content\/uploads\/2023\/02\/nev01-1.jpg",1030,320,false],"thumbnail":["http:\/\/subaquatiquedunois.fr\/sd\/wp-content\/uploads\/2023\/02\/nev01-1-150x150.jpg",150,150,true],"medium":["http:\/\/subaquatiquedunois.fr\/sd\/wp-content\/uploads\/2023\/02\/nev01-1-300x93.jpg",300,93,true],"medium_large":["http:\/\/subaquatiquedunois.fr\/sd\/wp-content\/uploads\/2023\/02\/nev01-1-768x239.jpg",768,239,true],"large":["http:\/\/subaquatiquedunois.fr\/sd\/wp-content\/uploads\/2023\/02\/nev01-1-1024x318.jpg",1024,318,true],"rpg_image_slider":["http:\/\/subaquatiquedunois.fr\/sd\/wp-content\/uploads\/2023\/02\/nev01-1.jpg",1030,320,false],"rpg_image_thumbnail":["http:\/\/subaquatiquedunois.fr\/sd\/wp-content\/uploads\/2023\/02\/nev01-1-900x320.jpg",900,320,true],"1536x1536":["http:\/\/subaquatiquedunois.fr\/sd\/wp-content\/uploads\/2023\/02\/nev01-1.jpg",1030,320,false],"2048x2048":["http:\/\/subaquatiquedunois.fr\/sd\/wp-content\/uploads\/2023\/02\/nev01-1.jpg",1030,320,false],"menu-24x24":["http:\/\/subaquatiquedunois.fr\/sd\/wp-content\/uploads\/2023\/02\/nev01-1-24x7.jpg",24,7,true],"menu-36x36":["http:\/\/subaquatiquedunois.fr\/sd\/wp-content\/uploads\/2023\/02\/nev01-1-36x11.jpg",36,11,true],"menu-48x48":["http:\/\/subaquatiquedunois.fr\/sd\/wp-content\/uploads\/2023\/02\/nev01-1-48x15.jpg",48,15,true]},"uagb_author_info":{"display_name":"administrateur","author_link":"http:\/\/subaquatiquedunois.fr\/sd\/author\/administrateur\/"},"uagb_comment_info":0,"uagb_excerpt":"La Nage en Eau Vive consiste \u00e0 descendre des rivi\u00e8res \u00e0 la nage, \u00e9quip\u00e9 de palmes, d&#8217;une combinaison n\u00e9opr\u00e8ne, et d&#8217;un flotteur. Lorsque la rivi\u00e8re est plus engag\u00e9e (\u00e0 partir de la classe III) l\u2019\u00e9quipement est compl\u00e9t\u00e9 d\u2019un casque et d&#8217;un gilet. Sport de glisse \u00e0 part enti\u00e8re, la Nage en Eau Vive est en\u2026","_links":{"self":[{"href":"http:\/\/subaquatiquedunois.fr\/sd\/wp-json\/wp\/v2\/pages\/291","targetHints":{"allow":["GET"]}}],"collection":[{"href":"http:\/\/subaquatiquedunois.fr\/sd\/wp-json\/wp\/v2\/pages"}],"about":[{"href":"http:\/\/subaquatiquedunois.fr\/sd\/wp-json\/wp\/v2\/types\/page"}],"author":[{"embeddable":true,"href":"http:\/\/subaquatiquedunois.fr\/sd\/wp-json\/wp\/v2\/users\/1"}],"replies":[{"embeddable":true,"href":"http:\/\/subaquatiquedunois.fr\/sd\/wp-json\/wp\/v2\/comments?post=291"}],"version-history":[{"count":52,"href":"http:\/\/subaquatiquedunois.fr\/sd\/wp-json\/wp\/v2\/pages\/291\/revisions"}],"predecessor-version":[{"id":2442,"href":"http:\/\/subaquatiquedunois.fr\/sd\/wp-json\/wp\/v2\/pages\/291\/revisions\/2442"}],"up":[{"embeddable":true,"href":"http:\/\/subaquatiquedunois.fr\/sd\/wp-json\/wp\/v2\/pages\/77"}],"wp:featuredmedia":[{"embeddable":true,"href":"http:\/\/subaquatiquedunois.fr\/sd\/wp-json\/wp\/v2\/media\/526"}],"wp:attachment":[{"href":"http:\/\/subaquatiquedunois.fr\/sd\/wp-json\/wp\/v2\/media?parent=291"}],"wp:term":[{"taxonomy":"folder","embeddable":true,"href":"http:\/\/subaquatiquedunois.fr\/sd\/wp-json\/wp\/v2\/folder?post=291"}],"curies":[{"name":"wp","href":"https:\/\/api.w.org\/{rel}","templated":true}]}}