{"id":75,"date":"2023-02-11T12:25:24","date_gmt":"2023-02-11T11:25:24","guid":{"rendered":"http:\/\/subaquatiquedunois.fr\/sd\/?page_id=75"},"modified":"2023-04-02T11:39:38","modified_gmt":"2023-04-02T09:39:38","slug":"plongee-scaphandre","status":"publish","type":"page","link":"http:\/\/subaquatiquedunois.fr\/sd\/nos-activites\/plongee-scaphandre\/","title":{"rendered":"Plong\u00e9e scaphandre"},"content":{"rendered":"\n<p class=\"has-medium-font-size\">La plong\u00e9e sous-marine est une activit\u00e9 qui consiste \u00e0 rester sous l\u2019eau. <br>Sans \u00e9quipement, nous pratiquons <a href=\"http:\/\/subaquatiquedunois.fr\/sd\/nos-activites\/apnee\/\">l\u2019apn\u00e9e,<\/a> en s\u2019\u00e9quipant d\u2019une bouteille de plong\u00e9e, permettant de prolonger le temps pass\u00e9 sous l\u2019eau, c\u2019est la plong\u00e9e technique. <\/p>\n\n\n\n<div class=\"wp-block-uagb-container uagb-block-1aed6dad alignwide uagb-is-root-container\">\n<div class=\"wp-block-uagb-container uagb-block-d2f87109\">\n<p class=\"has-text-align-center has-ast-global-color-0-color has-text-color has-large-font-size\" style=\"margin-right:var(--wp--preset--spacing--60);margin-left:var(--wp--preset--spacing--60);padding-top:0;padding-right:0;padding-bottom:0;padding-left:0\"><strong>Gr\u00e2ce \u00e0 un \u00e9quipement sp\u00e9cifique, <br>nous pouvons respirer sous l\u2019eau <br>et donc y passer plus de temps.<\/strong><br><\/p>\n<\/div>\n\n\n\n<div class=\"wp-block-uagb-container uagb-block-e0c6432e\">\n<figure class=\"wp-block-image size-full\"><img loading=\"lazy\" decoding=\"async\" width=\"595\" height=\"774\" src=\"http:\/\/subaquatiquedunois.fr\/sd\/wp-content\/uploads\/2023\/04\/Capture-n\u00b0000036.png\" alt=\"\" class=\"wp-image-1602\" srcset=\"http:\/\/subaquatiquedunois.fr\/sd\/wp-content\/uploads\/2023\/04\/Capture-n\u00b0000036.png 595w, http:\/\/subaquatiquedunois.fr\/sd\/wp-content\/uploads\/2023\/04\/Capture-n\u00b0000036-231x300.png 231w, http:\/\/subaquatiquedunois.fr\/sd\/wp-content\/uploads\/2023\/04\/Capture-n\u00b0000036-18x24.png 18w, http:\/\/subaquatiquedunois.fr\/sd\/wp-content\/uploads\/2023\/04\/Capture-n\u00b0000036-28x36.png 28w, http:\/\/subaquatiquedunois.fr\/sd\/wp-content\/uploads\/2023\/04\/Capture-n\u00b0000036-37x48.png 37w\" sizes=\"auto, (max-width: 595px) 100vw, 595px\" \/><\/figure>\n<\/div>\n<\/div>\n\n\n\n<p class=\"has-medium-font-size\">Pour pratiquer cette activit\u00e9, il est n\u00e9cessaire en plus de votre maillot de bain d\u2019\u00eatre \u00e9galement \u00e9quip\u00e9 d\u2019un masque, de palmes, d\u2019un gilet stabilisateur et d\u2019un d\u00e9tendeur. <\/p>\n\n\n\n<figure class=\"wp-block-image aligncenter size-full is-resized\"><img loading=\"lazy\" decoding=\"async\" src=\"http:\/\/subaquatiquedunois.fr\/sd\/wp-content\/uploads\/2023\/04\/image.png\" alt=\"\" class=\"wp-image-1594\" width=\"698\" height=\"292\" srcset=\"http:\/\/subaquatiquedunois.fr\/sd\/wp-content\/uploads\/2023\/04\/image.png 829w, http:\/\/subaquatiquedunois.fr\/sd\/wp-content\/uploads\/2023\/04\/image-300x125.png 300w, http:\/\/subaquatiquedunois.fr\/sd\/wp-content\/uploads\/2023\/04\/image-768x321.png 768w, http:\/\/subaquatiquedunois.fr\/sd\/wp-content\/uploads\/2023\/04\/image-24x10.png 24w, http:\/\/subaquatiquedunois.fr\/sd\/wp-content\/uploads\/2023\/04\/image-36x15.png 36w, http:\/\/subaquatiquedunois.fr\/sd\/wp-content\/uploads\/2023\/04\/image-48x20.png 48w\" sizes=\"auto, (max-width: 698px) 100vw, 698px\" \/><\/figure>\n\n\n\n<p class=\"has-medium-font-size\">La plong\u00e9e sous-marine est une activit\u00e9 de loisir, au Subaquatique Dunois, nous vous accueillons d\u00e8s 10 ans, pour pratiquer une activit\u00e9 accessible \u00e0 tous. Sous l\u2019eau, la flottabilit\u00e9 nous permet de nous diriger dans trois dimensions.<br><\/p>\n\n\n\n<h1 class=\"wp-block-heading\"><strong>La plong\u00e9e, \u00e7a s\u2019apprend.<\/strong><\/h1>\n\n\n\n<p class=\"has-medium-font-size\">Pour pratiquer en toute s\u00e9curit\u00e9, les moniteurs du club vous permettrons d\u2019approfondir vos connaissances et de parfaire votre technique. <br>Vous apprendrez \u00e0 connaitre le mat\u00e9riel et son fonctionnement, mais aussi les propri\u00e9t\u00e9s physiques du monde aquatique qui entra\u00eeneront des cons\u00e9quences sur votre physiologie ainsi que sur votre perception de l\u2019environnement.<\/p>\n\n\n\n<div class=\"wp-block-uagb-image aligncenter uagb-block-60bc4322 wp-block-uagb-image--layout-default wp-block-uagb-image--effect-blur wp-block-uagb-image--align-center\"><figure class=\"wp-block-uagb-image__figure\"><img decoding=\"async\" srcset=\"http:\/\/subaquatiquedunois.fr\/sd\/wp-content\/uploads\/2023\/04\/Plongee-Subaquatique-Egypte-2007-\u00a9F-Boissier-07-1200x450-1-1024x384.jpg \" src=\"http:\/\/subaquatiquedunois.fr\/sd\/wp-content\/uploads\/2023\/04\/Plongee-Subaquatique-Egypte-2007-\u00a9F-Boissier-07-1200x450-1-1024x384.jpg\" alt=\"\" class=\"uag-image-1629\" width=\"1024\" height=\"384\" title=\"\" loading=\"lazy\"\/><\/figure><\/div>\n\n\n\n<p class=\"has-medium-font-size\"><br>Le <strong>Subaquatique Dunois<\/strong> propose diff\u00e9rentes formations\u00a0:<\/p>\n\n\n\n<ul class=\"wp-block-list\">\n<li class=\"has-medium-font-size\">Bapt\u00eame&nbsp;: pour une d\u00e9couverte de l\u2019activit\u00e9 et des sensations que cela procure.<\/li>\n\n\n\n<li class=\"has-medium-font-size\">Pour les jeunes plongeurs (entre 10 et 14 ans)&nbsp;: plongeur de bronze, plongeur d\u2019argent et plongeur d\u2019or.<\/li>\n\n\n\n<li class=\"has-medium-font-size\">Formation niveau 1 (plongeur encadr\u00e9 jusqu\u2019\u00e0 20m) d\u00e8s 12 ans<\/li>\n\n\n\n<li class=\"has-medium-font-size\">Formation niveau 2 (plongeur autonome jusqu\u2019\u00e0 20m et encadr\u00e9 jusqu\u2019\u00e0 40m) d\u00e8s 14 ans<\/li>\n\n\n\n<li class=\"has-medium-font-size\">Formation niveau 3 (plongeur autonome jusqu\u2019\u00e0 60m) d\u00e8s<\/li>\n\n\n\n<li class=\"has-medium-font-size\">Formation RIFAP (R\u00e9actions et Intervention Face aux Accidents de Plong\u00e9e)<\/li>\n\n\n\n<li class=\"has-medium-font-size\">Formation Nitrox (plong\u00e9e au m\u00e9lange enrichi en Oxyg\u00e8ne)<\/li>\n<\/ul>\n\n\n\n<p class=\"has-medium-font-size\">L\u2019objectif des formations propos\u00e9es au sein du Subaquatique Dunois est de vous amener petit \u00e0 petit \u00e0 une forme de pratique en autonomie.<\/p>\n\n\n\n<p class=\"has-medium-font-size\">Toutes nos formations se font au sein de la piscine, mais sont syst\u00e9matiquement valid\u00e9es lors de sorties en milieu naturel. Car l\u2019objectif de notre pratique est de pouvoir profiter des fonds marins de nos c\u00f4tes fran\u00e7aises ou lors de s\u00e9jour \u00e0 l\u2019\u00e9tranger; de voir se d\u00e9placer des bancs de poissons\u2026<\/p>\n\n\n\n<div class=\"wp-block-uagb-image alignwide uagb-block-803ae399 wp-block-uagb-image--layout-default wp-block-uagb-image--effect-static wp-block-uagb-image--align-wide\"><figure class=\"wp-block-uagb-image__figure\"><img decoding=\"async\" srcset=\"http:\/\/subaquatiquedunois.fr\/sd\/wp-content\/uploads\/2023\/04\/Background07-1024x683.jpg \" src=\"http:\/\/subaquatiquedunois.fr\/sd\/wp-content\/uploads\/2023\/04\/Background07-1024x683.jpg\" alt=\"\" class=\"uag-image-1633\" width=\"365\" height=\"182\" title=\"\" loading=\"lazy\"\/><\/figure><\/div>\n\n\n\n<h2 class=\"wp-block-heading has-text-align-center\"><strong>L\u2019exploration sous-marine est notre finalit\u00e9<\/strong><\/h2>\n\n\n\n<p class=\"has-text-align-center has-medium-font-size\">Elle permet de prendre conscience de la fragilit\u00e9 du monde marin.<\/p>\n\n\n\n<p><\/p>\n","protected":false},"excerpt":{"rendered":"<p>La plong\u00e9e sous-marine est une activit\u00e9 qui consiste \u00e0 rester sous l\u2019eau. Sans \u00e9quipement, nous pratiquons l\u2019apn\u00e9e, en s\u2019\u00e9quipant d\u2019une bouteille de plong\u00e9e, permettant de prolonger le temps pass\u00e9 sous l\u2019eau, c\u2019est la plong\u00e9e technique. Gr\u00e2ce \u00e0 un \u00e9quipement sp\u00e9cifique, nous pouvons respirer sous l\u2019eau et donc y passer plus de temps. Pour pratiquer cette &hellip;<\/p>\n<p class=\"read-more\"> <a class=\"\" href=\"http:\/\/subaquatiquedunois.fr\/sd\/nos-activites\/plongee-scaphandre\/\"> <span class=\"screen-reader-text\">Plong\u00e9e scaphandre<\/span> Lire la suite\u00a0\u00bb<\/a><\/p>\n","protected":false},"author":1,"featured_media":529,"parent":77,"menu_order":1,"comment_status":"closed","ping_status":"closed","template":"","meta":{"_seopress_robots_primary_cat":"","_seopress_titles_title":"","_seopress_titles_desc":"","_seopress_robots_index":"","_uag_custom_page_level_css":"","site-sidebar-layout":"default","site-content-layout":"default","ast-global-header-display":"","ast-main-header-display":"","ast-hfb-above-header-display":"","ast-hfb-below-header-display":"","ast-hfb-mobile-header-display":"","site-post-title":"","ast-breadcrumbs-content":"","ast-featured-img":"","footer-sml-layout":"","theme-transparent-header-meta":"","adv-header-id-meta":"","stick-header-meta":"","header-above-stick-meta":"","header-main-stick-meta":"","header-below-stick-meta":"","footnotes":""},"folder":[11],"class_list":["post-75","page","type-page","status-publish","has-post-thumbnail","hentry"],"uagb_featured_image_src":{"full":["http:\/\/subaquatiquedunois.fr\/sd\/wp-content\/uploads\/2023\/02\/scaphandre01.jpg",1024,320,false],"thumbnail":["http:\/\/subaquatiquedunois.fr\/sd\/wp-content\/uploads\/2023\/02\/scaphandre01-150x150.jpg",150,150,true],"medium":["http:\/\/subaquatiquedunois.fr\/sd\/wp-content\/uploads\/2023\/02\/scaphandre01-300x94.jpg",300,94,true],"medium_large":["http:\/\/subaquatiquedunois.fr\/sd\/wp-content\/uploads\/2023\/02\/scaphandre01-768x240.jpg",768,240,true],"large":["http:\/\/subaquatiquedunois.fr\/sd\/wp-content\/uploads\/2023\/02\/scaphandre01.jpg",1024,320,false],"rpg_image_slider":["http:\/\/subaquatiquedunois.fr\/sd\/wp-content\/uploads\/2023\/02\/scaphandre01.jpg",1024,320,false],"rpg_image_thumbnail":["http:\/\/subaquatiquedunois.fr\/sd\/wp-content\/uploads\/2023\/02\/scaphandre01-900x320.jpg",900,320,true],"1536x1536":["http:\/\/subaquatiquedunois.fr\/sd\/wp-content\/uploads\/2023\/02\/scaphandre01.jpg",1024,320,false],"2048x2048":["http:\/\/subaquatiquedunois.fr\/sd\/wp-content\/uploads\/2023\/02\/scaphandre01.jpg",1024,320,false],"menu-24x24":["http:\/\/subaquatiquedunois.fr\/sd\/wp-content\/uploads\/2023\/02\/scaphandre01-24x8.jpg",24,8,true],"menu-36x36":["http:\/\/subaquatiquedunois.fr\/sd\/wp-content\/uploads\/2023\/02\/scaphandre01-36x11.jpg",36,11,true],"menu-48x48":["http:\/\/subaquatiquedunois.fr\/sd\/wp-content\/uploads\/2023\/02\/scaphandre01-48x15.jpg",48,15,true]},"uagb_author_info":{"display_name":"administrateur","author_link":"http:\/\/subaquatiquedunois.fr\/sd\/author\/administrateur\/"},"uagb_comment_info":0,"uagb_excerpt":"La plong\u00e9e sous-marine est une activit\u00e9 qui consiste \u00e0 rester sous l\u2019eau. Sans \u00e9quipement, nous pratiquons l\u2019apn\u00e9e, en s\u2019\u00e9quipant d\u2019une bouteille de plong\u00e9e, permettant de prolonger le temps pass\u00e9 sous l\u2019eau, c\u2019est la plong\u00e9e technique. Gr\u00e2ce \u00e0 un \u00e9quipement sp\u00e9cifique, nous pouvons respirer sous l\u2019eau et donc y passer plus de temps. Pour pratiquer cette\u2026","_links":{"self":[{"href":"http:\/\/subaquatiquedunois.fr\/sd\/wp-json\/wp\/v2\/pages\/75","targetHints":{"allow":["GET"]}}],"collection":[{"href":"http:\/\/subaquatiquedunois.fr\/sd\/wp-json\/wp\/v2\/pages"}],"about":[{"href":"http:\/\/subaquatiquedunois.fr\/sd\/wp-json\/wp\/v2\/types\/page"}],"author":[{"embeddable":true,"href":"http:\/\/subaquatiquedunois.fr\/sd\/wp-json\/wp\/v2\/users\/1"}],"replies":[{"embeddable":true,"href":"http:\/\/subaquatiquedunois.fr\/sd\/wp-json\/wp\/v2\/comments?post=75"}],"version-history":[{"count":32,"href":"http:\/\/subaquatiquedunois.fr\/sd\/wp-json\/wp\/v2\/pages\/75\/revisions"}],"predecessor-version":[{"id":1642,"href":"http:\/\/subaquatiquedunois.fr\/sd\/wp-json\/wp\/v2\/pages\/75\/revisions\/1642"}],"up":[{"embeddable":true,"href":"http:\/\/subaquatiquedunois.fr\/sd\/wp-json\/wp\/v2\/pages\/77"}],"wp:featuredmedia":[{"embeddable":true,"href":"http:\/\/subaquatiquedunois.fr\/sd\/wp-json\/wp\/v2\/media\/529"}],"wp:attachment":[{"href":"http:\/\/subaquatiquedunois.fr\/sd\/wp-json\/wp\/v2\/media?parent=75"}],"wp:term":[{"taxonomy":"folder","embeddable":true,"href":"http:\/\/subaquatiquedunois.fr\/sd\/wp-json\/wp\/v2\/folder?post=75"}],"curies":[{"name":"wp","href":"https:\/\/api.w.org\/{rel}","templated":true}]}}